{"id":3856,"date":"2023-07-13T22:05:28","date_gmt":"2023-07-14T02:05:28","guid":{"rendered":"https:\/\/cvsmotion.com\/diseno-web-avanzado\/"},"modified":"2025-02-14T12:49:24","modified_gmt":"2025-02-14T17:49:24","slug":"diseno-web-avanzado","status":"publish","type":"product","link":"https:\/\/cvsmotion.com\/digital\/diseno-web-avanzado\/","title":{"rendered":"DISE\u00d1O WEB AVANZADO"},"content":{"rendered":"<p><strong>DISE\u00d1O WEB\u00a0<\/strong><b>AVANZADO<\/b><\/p>\n<p>5 P\u00e1ginas personalizadas con DISE\u00d1O WEB\u00a0AVANZADO + Hosting + Dominio personalizado + Correo<\/p>\n<p><strong>Alta de servicio: $450.00<\/strong><\/p>\n<p><b>Pago mensual autom\u00e1tico:\u00a0<\/b><strong> $35<\/strong><\/p>\n","protected":false},"excerpt":{"rendered":"<p><span style=\"font-weight: bolder;\">5<\/span>\u00a0P\u00e1ginas personalizadas<\/p>\n<p><span style=\"font-weight: bolder;\">Dominio<\/span>\u00a0personalizado (SuEmpresa.com)<\/p>\n<p><span style=\"font-weight: bolder;\">Hosting<\/span>\u00a0en servidores VPS<\/p>\n<p>Plataforma\u00a0<span style=\"font-weight: bolder;\">Google My Business<\/span><\/p>\n<p><span style=\"font-weight: bolder;\">Correo<\/span>\u00a0electr\u00f3nico @ Tu Dominio<\/p>\n<p>Seguridad\u00a0<span style=\"font-weight: bolder;\">SSL<\/span>\u00a0Let\u2019s Encrypt<\/p>\n<p><span style=\"font-weight: bolder;\">Soporte<\/span>\u00a0y asesoramiento profesional<\/p>\n","protected":false},"featured_media":4003,"comment_status":"open","ping_status":"closed","template":"","meta":{"inline_featured_image":false,"_joinchat":[]},"product_brand":[],"product_cat":[89],"product_tag":[],"class_list":{"0":"post-3856","1":"product","2":"type-product","3":"status-publish","4":"has-post-thumbnail","6":"product_cat-diseno-y-desarrollo-de-paginas-web","7":"text-center loop-item","9":"first","10":"instock","11":"shipping-taxable","12":"product-type-external"},"yoast_head":"<!-- This site is optimized with the Yoast SEO plugin v27.4 - https:\/\/yoast.com\/product\/yoast-seo-wordpress\/ -->\n<title>P\u00e1gina Web Personalizada para tu Negocio<\/title>\n<meta name=\"description\" content=\"Obt\u00e9n un dise\u00f1o web avanzado profesional para tu negocio y empieza a tener presencia profesional en internet, Con los &quot;Paquetes Web&quot; de CVSMOTION\" \/>\n<meta name=\"robots\" content=\"index, follow, max-snippet:-1, max-image-preview:large, max-video-preview:-1\" \/>\n<link rel=\"canonical\" href=\"https:\/\/cvsmotion.com\/digital\/diseno-web-avanzado\/\" \/>\n<meta property=\"og:locale\" content=\"en_US\" \/>\n<meta property=\"og:type\" content=\"article\" \/>\n<meta property=\"og:title\" content=\"P\u00e1gina Web Personalizada para tu Negocio\" \/>\n<meta property=\"og:description\" content=\"Obt\u00e9n un dise\u00f1o web avanzado profesional para tu negocio y empieza a tener presencia profesional en internet, Con los &quot;Paquetes Web&quot; de CVSMOTION\" \/>\n<meta property=\"og:url\" content=\"https:\/\/cvsmotion.com\/digital\/diseno-web-avanzado\/\" \/>\n<meta property=\"og:site_name\" content=\"P\u00e1ginas Web, WordPress, Tienda online, SEO, Alojamiento Web, Dominios, Correos\" \/>\n<meta property=\"article:publisher\" content=\"https:\/\/www.facebook.com\/Cvsdigitaldesign\/\" \/>\n<meta property=\"article:modified_time\" content=\"2025-02-14T17:49:24+00:00\" \/>\n<meta property=\"og:image\" content=\"https:\/\/cvsmotion.com\/digital\/wp-content\/uploads\/2023\/07\/paginas-web-diseno-web.webp\" \/>\n\t<meta property=\"og:image:width\" content=\"600\" \/>\n\t<meta property=\"og:image:height\" content=\"600\" \/>\n\t<meta property=\"og:image:type\" content=\"image\/webp\" \/>\n<meta name=\"twitter:card\" content=\"summary_large_image\" \/>\n<meta name=\"twitter:site\" content=\"@CvsMotion\" \/>\n<meta name=\"twitter:label1\" content=\"Est. reading time\" \/>\n\t<meta name=\"twitter:data1\" content=\"1 minute\" \/>\n<script type=\"application\/ld+json\" class=\"yoast-schema-graph\">{\"@context\":\"https:\\\/\\\/schema.org\",\"@graph\":[{\"@type\":\"WebPage\",\"@id\":\"https:\\\/\\\/cvsmotion.com\\\/digital\\\/diseno-web-avanzado\\\/\",\"url\":\"https:\\\/\\\/cvsmotion.com\\\/digital\\\/diseno-web-avanzado\\\/\",\"name\":\"P\u00e1gina Web Personalizada para tu Negocio\",\"isPartOf\":{\"@id\":\"https:\\\/\\\/cvsmotion.com\\\/digital\\\/#website\"},\"primaryImageOfPage\":{\"@id\":\"https:\\\/\\\/cvsmotion.com\\\/digital\\\/diseno-web-avanzado\\\/#primaryimage\"},\"image\":{\"@id\":\"https:\\\/\\\/cvsmotion.com\\\/digital\\\/diseno-web-avanzado\\\/#primaryimage\"},\"thumbnailUrl\":\"https:\\\/\\\/cvsmotion.com\\\/digital\\\/wp-content\\\/uploads\\\/2023\\\/07\\\/paginas-web-diseno-web.webp\",\"datePublished\":\"2023-07-14T02:05:28+00:00\",\"dateModified\":\"2025-02-14T17:49:24+00:00\",\"description\":\"Obt\u00e9n un dise\u00f1o web avanzado profesional para tu negocio y empieza a tener presencia profesional en internet, Con los \\\"Paquetes Web\\\" de CVSMOTION\",\"breadcrumb\":{\"@id\":\"https:\\\/\\\/cvsmotion.com\\\/digital\\\/diseno-web-avanzado\\\/#breadcrumb\"},\"inLanguage\":\"en-US\",\"potentialAction\":[{\"@type\":\"ReadAction\",\"target\":[\"https:\\\/\\\/cvsmotion.com\\\/digital\\\/diseno-web-avanzado\\\/\"]}]},{\"@type\":\"ImageObject\",\"inLanguage\":\"en-US\",\"@id\":\"https:\\\/\\\/cvsmotion.com\\\/digital\\\/diseno-web-avanzado\\\/#primaryimage\",\"url\":\"https:\\\/\\\/cvsmotion.com\\\/digital\\\/wp-content\\\/uploads\\\/2023\\\/07\\\/paginas-web-diseno-web.webp\",\"contentUrl\":\"https:\\\/\\\/cvsmotion.com\\\/digital\\\/wp-content\\\/uploads\\\/2023\\\/07\\\/paginas-web-diseno-web.webp\",\"width\":600,\"height\":600,\"caption\":\"Dise\u00f1o de paginas web profesional USA\"},{\"@type\":\"BreadcrumbList\",\"@id\":\"https:\\\/\\\/cvsmotion.com\\\/digital\\\/diseno-web-avanzado\\\/#breadcrumb\",\"itemListElement\":[{\"@type\":\"ListItem\",\"position\":1,\"name\":\"Home\",\"item\":\"https:\\\/\\\/cvsmotion.com\\\/digital\\\/\"},{\"@type\":\"ListItem\",\"position\":2,\"name\":\"Marketing Productos y Servicios para Negocios\",\"item\":\"https:\\\/\\\/cvsmotion.com\\\/digital\\\/shop\\\/\"},{\"@type\":\"ListItem\",\"position\":3,\"name\":\"DISE\u00d1O WEB AVANZADO\"}]},{\"@type\":\"WebSite\",\"@id\":\"https:\\\/\\\/cvsmotion.com\\\/digital\\\/#website\",\"url\":\"https:\\\/\\\/cvsmotion.com\\\/digital\\\/\",\"name\":\"Agencia de Marketing Digital en los Estados Unidos | CVS Motion Digital\",\"description\":\"CVS MOTION\",\"publisher\":{\"@id\":\"https:\\\/\\\/cvsmotion.com\\\/digital\\\/#organization\"},\"alternateName\":\"CVS Motion Soluciones digitales para el \u00e9xito de su empresa en Internet. P\u00e1ginas Web, WordPress, Tienda online, SEO, Alojamiento Web, Dominios, Correos\",\"potentialAction\":[{\"@type\":\"SearchAction\",\"target\":{\"@type\":\"EntryPoint\",\"urlTemplate\":\"https:\\\/\\\/cvsmotion.com\\\/digital\\\/?s={search_term_string}\"},\"query-input\":{\"@type\":\"PropertyValueSpecification\",\"valueRequired\":true,\"valueName\":\"search_term_string\"}}],\"inLanguage\":\"en-US\"},{\"@type\":\"Organization\",\"@id\":\"https:\\\/\\\/cvsmotion.com\\\/digital\\\/#organization\",\"name\":\"CVS Motion Digital\",\"alternateName\":\"Motion Digital Agencia marketing digital online en los Estados Unidos\",\"url\":\"https:\\\/\\\/cvsmotion.com\\\/digital\\\/\",\"logo\":{\"@type\":\"ImageObject\",\"inLanguage\":\"en-US\",\"@id\":\"https:\\\/\\\/cvsmotion.com\\\/digital\\\/#\\\/schema\\\/logo\\\/image\\\/\",\"url\":\"https:\\\/\\\/cvsmotion.com\\\/digital\\\/wp-content\\\/uploads\\\/2022\\\/01\\\/motion-marketing-online-usa.png\",\"contentUrl\":\"https:\\\/\\\/cvsmotion.com\\\/digital\\\/wp-content\\\/uploads\\\/2022\\\/01\\\/motion-marketing-online-usa.png\",\"width\":173,\"height\":120,\"caption\":\"CVS Motion Digital\"},\"image\":{\"@id\":\"https:\\\/\\\/cvsmotion.com\\\/digital\\\/#\\\/schema\\\/logo\\\/image\\\/\"},\"sameAs\":[\"https:\\\/\\\/www.facebook.com\\\/Cvsdigitaldesign\\\/\",\"https:\\\/\\\/x.com\\\/CvsMotion\",\"https:\\\/\\\/www.instagram.com\\\/cvsmotion\\\/\",\"https:\\\/\\\/www.youtube.com\\\/@cvsmotiondigital\",\"https:\\\/\\\/www.pinterest.com\\\/CVSMotion\\\/\",\"https:\\\/\\\/www.yelp.com\\\/biz\\\/cvs-motion-digital-design-newark\"]}]}<\/script>\n<!-- \/ Yoast SEO plugin. -->","yoast_head_json":{"title":"P\u00e1gina Web Personalizada para tu Negocio","description":"Obt\u00e9n un dise\u00f1o web avanzado profesional para tu negocio y empieza a tener presencia profesional en internet, Con los \"Paquetes Web\" de CVSMOTION","robots":{"index":"index","follow":"follow","max-snippet":"max-snippet:-1","max-image-preview":"max-image-preview:large","max-video-preview":"max-video-preview:-1"},"canonical":"https:\/\/cvsmotion.com\/digital\/diseno-web-avanzado\/","og_locale":"en_US","og_type":"article","og_title":"P\u00e1gina Web Personalizada para tu Negocio","og_description":"Obt\u00e9n un dise\u00f1o web avanzado profesional para tu negocio y empieza a tener presencia profesional en internet, Con los \"Paquetes Web\" de CVSMOTION","og_url":"https:\/\/cvsmotion.com\/digital\/diseno-web-avanzado\/","og_site_name":"P\u00e1ginas Web, WordPress, Tienda online, SEO, Alojamiento Web, Dominios, Correos","article_publisher":"https:\/\/www.facebook.com\/Cvsdigitaldesign\/","article_modified_time":"2025-02-14T17:49:24+00:00","og_image":[{"width":600,"height":600,"url":"https:\/\/cvsmotion.com\/digital\/wp-content\/uploads\/2023\/07\/paginas-web-diseno-web.webp","type":"image\/webp"}],"twitter_card":"summary_large_image","twitter_site":"@CvsMotion","twitter_misc":{"Est. reading time":"1 minute"},"schema":{"@context":"https:\/\/schema.org","@graph":[{"@type":"WebPage","@id":"https:\/\/cvsmotion.com\/digital\/diseno-web-avanzado\/","url":"https:\/\/cvsmotion.com\/digital\/diseno-web-avanzado\/","name":"P\u00e1gina Web Personalizada para tu Negocio","isPartOf":{"@id":"https:\/\/cvsmotion.com\/digital\/#website"},"primaryImageOfPage":{"@id":"https:\/\/cvsmotion.com\/digital\/diseno-web-avanzado\/#primaryimage"},"image":{"@id":"https:\/\/cvsmotion.com\/digital\/diseno-web-avanzado\/#primaryimage"},"thumbnailUrl":"https:\/\/cvsmotion.com\/digital\/wp-content\/uploads\/2023\/07\/paginas-web-diseno-web.webp","datePublished":"2023-07-14T02:05:28+00:00","dateModified":"2025-02-14T17:49:24+00:00","description":"Obt\u00e9n un dise\u00f1o web avanzado profesional para tu negocio y empieza a tener presencia profesional en internet, Con los \"Paquetes Web\" de CVSMOTION","breadcrumb":{"@id":"https:\/\/cvsmotion.com\/digital\/diseno-web-avanzado\/#breadcrumb"},"inLanguage":"en-US","potentialAction":[{"@type":"ReadAction","target":["https:\/\/cvsmotion.com\/digital\/diseno-web-avanzado\/"]}]},{"@type":"ImageObject","inLanguage":"en-US","@id":"https:\/\/cvsmotion.com\/digital\/diseno-web-avanzado\/#primaryimage","url":"https:\/\/cvsmotion.com\/digital\/wp-content\/uploads\/2023\/07\/paginas-web-diseno-web.webp","contentUrl":"https:\/\/cvsmotion.com\/digital\/wp-content\/uploads\/2023\/07\/paginas-web-diseno-web.webp","width":600,"height":600,"caption":"Dise\u00f1o de paginas web profesional USA"},{"@type":"BreadcrumbList","@id":"https:\/\/cvsmotion.com\/digital\/diseno-web-avanzado\/#breadcrumb","itemListElement":[{"@type":"ListItem","position":1,"name":"Home","item":"https:\/\/cvsmotion.com\/digital\/"},{"@type":"ListItem","position":2,"name":"Marketing Productos y Servicios para Negocios","item":"https:\/\/cvsmotion.com\/digital\/shop\/"},{"@type":"ListItem","position":3,"name":"DISE\u00d1O WEB AVANZADO"}]},{"@type":"WebSite","@id":"https:\/\/cvsmotion.com\/digital\/#website","url":"https:\/\/cvsmotion.com\/digital\/","name":"Agencia de Marketing Digital en los Estados Unidos | CVS Motion Digital","description":"CVS MOTION","publisher":{"@id":"https:\/\/cvsmotion.com\/digital\/#organization"},"alternateName":"CVS Motion Soluciones digitales para el \u00e9xito de su empresa en Internet. P\u00e1ginas Web, WordPress, Tienda online, SEO, Alojamiento Web, Dominios, Correos","potentialAction":[{"@type":"SearchAction","target":{"@type":"EntryPoint","urlTemplate":"https:\/\/cvsmotion.com\/digital\/?s={search_term_string}"},"query-input":{"@type":"PropertyValueSpecification","valueRequired":true,"valueName":"search_term_string"}}],"inLanguage":"en-US"},{"@type":"Organization","@id":"https:\/\/cvsmotion.com\/digital\/#organization","name":"CVS Motion Digital","alternateName":"Motion Digital Agencia marketing digital online en los Estados Unidos","url":"https:\/\/cvsmotion.com\/digital\/","logo":{"@type":"ImageObject","inLanguage":"en-US","@id":"https:\/\/cvsmotion.com\/digital\/#\/schema\/logo\/image\/","url":"https:\/\/cvsmotion.com\/digital\/wp-content\/uploads\/2022\/01\/motion-marketing-online-usa.png","contentUrl":"https:\/\/cvsmotion.com\/digital\/wp-content\/uploads\/2022\/01\/motion-marketing-online-usa.png","width":173,"height":120,"caption":"CVS Motion Digital"},"image":{"@id":"https:\/\/cvsmotion.com\/digital\/#\/schema\/logo\/image\/"},"sameAs":["https:\/\/www.facebook.com\/Cvsdigitaldesign\/","https:\/\/x.com\/CvsMotion","https:\/\/www.instagram.com\/cvsmotion\/","https:\/\/www.youtube.com\/@cvsmotiondigital","https:\/\/www.pinterest.com\/CVSMotion\/","https:\/\/www.yelp.com\/biz\/cvs-motion-digital-design-newark"]}]}},"_links":{"self":[{"href":"https:\/\/cvsmotion.com\/digital\/wp-json\/wp\/v2\/product\/3856","targetHints":{"allow":["GET"]}}],"collection":[{"href":"https:\/\/cvsmotion.com\/digital\/wp-json\/wp\/v2\/product"}],"about":[{"href":"https:\/\/cvsmotion.com\/digital\/wp-json\/wp\/v2\/types\/product"}],"replies":[{"embeddable":true,"href":"https:\/\/cvsmotion.com\/digital\/wp-json\/wp\/v2\/comments?post=3856"}],"wp:featuredmedia":[{"embeddable":true,"href":"https:\/\/cvsmotion.com\/digital\/wp-json\/wp\/v2\/media\/4003"}],"wp:attachment":[{"href":"https:\/\/cvsmotion.com\/digital\/wp-json\/wp\/v2\/media?parent=3856"}],"wp:term":[{"taxonomy":"product_brand","embeddable":true,"href":"https:\/\/cvsmotion.com\/digital\/wp-json\/wp\/v2\/product_brand?post=3856"},{"taxonomy":"product_cat","embeddable":true,"href":"https:\/\/cvsmotion.com\/digital\/wp-json\/wp\/v2\/product_cat?post=3856"},{"taxonomy":"product_tag","embeddable":true,"href":"https:\/\/cvsmotion.com\/digital\/wp-json\/wp\/v2\/product_tag?post=3856"}],"curies":[{"name":"wp","href":"https:\/\/api.w.org\/{rel}","templated":true}]}}