{"id":1527,"date":"2019-12-05T01:08:11","date_gmt":"2019-12-05T06:08:11","guid":{"rendered":"https:\/\/cvsmotion.com\/digital\/?post_type=product&#038;p=1527"},"modified":"2025-02-14T14:42:34","modified_gmt":"2025-02-14T19:42:34","slug":"pagina-web-para-negocio","status":"publish","type":"product","link":"https:\/\/cvsmotion.com\/digital\/pagina-web-para-negocio\/","title":{"rendered":"Pagina Web para Negocio"},"content":{"rendered":"<p><strong>P\u00e1gina web para empresas dise\u00f1o profesional,<\/strong>\u00a0 perfecto para poner su negocios en INTERNET. Completamente PERSONALIZADO para usted seg\u00fan la necesidad de su empresa. <strong>100% de satisfacci\u00f3n.<\/strong><\/p>\n<p>Br\u00edndanos la informaci\u00f3n b\u00e1sica y deje el resto a nuestro equipo.<\/p>\n<p><strong>Por favor proporcione los siguientes detalles:<\/strong><\/p>\n<p>&#8211; Nombre de su empresa y el rubro comercial (Restaurantes, hotel, salud, construction&#8230;).<\/p>\n<p>&#8211; Describa su negocio y qui\u00e9n es su p\u00fablico objetivo.<\/p>\n<p>&#8211; Env\u00edenos archivo .zip con im\u00e1genes, texto, logotipo, etc.<\/p>\n<p>&#8211; Detalles del contenido: si no tiene nada, entonces usamos contenido ficticio e im\u00e1genes gratuitas (puede reemplazarlo en cualquier momento o despu\u00e9s del proyecto )<\/p>\n<p>&#8211; Preferencias de estilo y color (si las hay)<\/p>\n<p>&#8211; Algunos sitios web de ejemplo (si es que lo tiene)<\/p>\n<p>&#8211; URL de su sitio web existente o accesos (si existe)<\/p>\n<p>============================<\/p>\n<p><strong>* Estamos listos:<\/strong> a contestar cualquier pregunta que tenga sobre el dise\u00f1o de su p\u00e1gina web.<\/p>\n<p><strong>* Despues de su compra:<\/strong> un especialista se contactara para llevar y asesorarlo en su proyecto Web.<\/p>\n<p><strong>* Tenga en cuenta:<\/strong> que este servicio solo proporciona el servicio web descrito. Si desea un desarrollo especial o escalar la p\u00e1gina web, necesita pedir una cotizaci\u00f3n personalizada<span style=\"color: #3366ff;\"><a style=\"color: #3366ff;\" href=\"https:\/\/cvsmotion.com\/digital\/proyectos-especiales-de-paginas-web-y-marketing-online\/\"><strong> Aqu\u00ed<\/strong><\/a><\/span><\/p>\n<p><strong>* Que Incluye:<\/strong> el Alojamiento (<span class=\"googie_link\">Hosting<\/span>) &amp; Dominio privado por un a<span class=\"googie_link\">\u00f1<\/span>o + Soporte y<br \/>\nAsistencia Web 24\/7<\/p>\n<p><strong>* Servicio anual:<\/strong> para mantener su negocio en linea y en funcionamiento se efectura la renovaciones anuales.<\/p>\n<p>&nbsp;<\/p>\n","protected":false},"excerpt":{"rendered":"<p><strong>Descripci\u00f3n del servicio:<\/strong><\/p>\n<p>&#8211; Registro de Dominio Privado<\/p>\n<p>&#8211; 5 Secciones con Informaci\u00f3n<\/p>\n<p>&#8211; Galeria de Imagenes<\/p>\n<p>&#8211; Funcional Formulario de Contacto<\/p>\n<p>&#8211; Tecnolog\u00eda Flexible Adaptable Iphone, Android, Tablets<\/p>\n<p>&#8211; Hosting en Servidores VPS &#8211; (Incluido por un a\u00f1o)<\/p>\n<p>&#8211; Correo Corporativo Profesional<\/p>\n<p>&#8211; Certificado de Seguridad SSL Let&#8217;s Encrypt<\/p>\n<p>&#8211; Integraci\u00f3n a Redes Sociales<\/p>\n<p>&#8211; Actualizaciones &amp; Mantenimiento Todo el A\u00f1o<\/p>\n<p>&#8211; Soporte Web Profesional\u00a0 24\/7\/ 360\u00b0<\/p>\n<p>&nbsp;<\/p>\n<h4>Servicios Extras:<\/h4>\n","protected":false},"featured_media":1531,"comment_status":"open","ping_status":"closed","template":"","meta":{"inline_featured_image":false,"_joinchat":[]},"product_brand":[],"product_cat":[89],"product_tag":[],"class_list":{"0":"post-1527","1":"product","2":"type-product","3":"status-publish","4":"has-post-thumbnail","6":"product_cat-diseno-y-desarrollo-de-paginas-web","7":"text-center loop-item","9":"first","10":"instock","11":"virtual","12":"sold-individually","13":"purchasable","14":"product-type-simple"},"yoast_head":"<!-- This site is optimized with the Yoast SEO plugin v27.4 - https:\/\/yoast.com\/product\/yoast-seo-wordpress\/ -->\n<title>Pagina Web para Negocio - P\u00e1ginas Web, WordPress, Tienda online, SEO, Alojamiento Web, Dominios, Correos<\/title>\n<meta name=\"description\" content=\"Pagina Web para Negocio, perfecto para poner su negocios en INTERNET. Completamente PERSONALIZADO para usted seg\u00fan la necesidad de su empresa.\" \/>\n<meta name=\"robots\" content=\"index, follow, max-snippet:-1, max-image-preview:large, max-video-preview:-1\" \/>\n<link rel=\"canonical\" href=\"https:\/\/cvsmotion.com\/digital\/pagina-web-para-negocio\/\" \/>\n<meta property=\"og:locale\" content=\"en_US\" \/>\n<meta property=\"og:type\" content=\"article\" \/>\n<meta property=\"og:title\" content=\"Pagina Web para Negocio - P\u00e1ginas Web, WordPress, Tienda online, SEO, Alojamiento Web, Dominios, Correos\" \/>\n<meta property=\"og:description\" content=\"Pagina Web para Negocio, perfecto para poner su negocios en INTERNET. Completamente PERSONALIZADO para usted seg\u00fan la necesidad de su empresa.\" \/>\n<meta property=\"og:url\" content=\"https:\/\/cvsmotion.com\/digital\/pagina-web-para-negocio\/\" \/>\n<meta property=\"og:site_name\" content=\"P\u00e1ginas Web, WordPress, Tienda online, SEO, Alojamiento Web, Dominios, Correos\" \/>\n<meta property=\"article:publisher\" content=\"https:\/\/www.facebook.com\/Cvsdigitaldesign\/\" \/>\n<meta property=\"article:modified_time\" content=\"2025-02-14T19:42:34+00:00\" \/>\n<meta property=\"og:image\" content=\"https:\/\/cvsmotion.com\/digital\/wp-content\/uploads\/2019\/12\/asombroso-websites-dise\u00f1o-profesional-NJ-USA.jpg\" \/>\n\t<meta property=\"og:image:width\" content=\"850\" \/>\n\t<meta property=\"og:image:height\" content=\"850\" \/>\n\t<meta property=\"og:image:type\" content=\"image\/jpeg\" \/>\n<meta name=\"twitter:card\" content=\"summary_large_image\" \/>\n<meta name=\"twitter:site\" content=\"@CvsMotion\" \/>\n<meta name=\"twitter:label1\" content=\"Est. reading time\" \/>\n\t<meta name=\"twitter:data1\" content=\"2 minutes\" \/>\n<script type=\"application\/ld+json\" class=\"yoast-schema-graph\">{\"@context\":\"https:\\\/\\\/schema.org\",\"@graph\":[{\"@type\":\"WebPage\",\"@id\":\"https:\\\/\\\/cvsmotion.com\\\/digital\\\/pagina-web-para-negocio\\\/\",\"url\":\"https:\\\/\\\/cvsmotion.com\\\/digital\\\/pagina-web-para-negocio\\\/\",\"name\":\"Pagina Web para Negocio - P\u00e1ginas Web, WordPress, Tienda online, SEO, Alojamiento Web, Dominios, Correos\",\"isPartOf\":{\"@id\":\"https:\\\/\\\/cvsmotion.com\\\/digital\\\/#website\"},\"primaryImageOfPage\":{\"@id\":\"https:\\\/\\\/cvsmotion.com\\\/digital\\\/pagina-web-para-negocio\\\/#primaryimage\"},\"image\":{\"@id\":\"https:\\\/\\\/cvsmotion.com\\\/digital\\\/pagina-web-para-negocio\\\/#primaryimage\"},\"thumbnailUrl\":\"https:\\\/\\\/cvsmotion.com\\\/digital\\\/wp-content\\\/uploads\\\/2019\\\/12\\\/asombroso-websites-dise\u00f1o-profesional-NJ-USA.jpg\",\"datePublished\":\"2019-12-05T06:08:11+00:00\",\"dateModified\":\"2025-02-14T19:42:34+00:00\",\"description\":\"Pagina Web para Negocio, perfecto para poner su negocios en INTERNET. Completamente PERSONALIZADO para usted seg\u00fan la necesidad de su empresa.\",\"breadcrumb\":{\"@id\":\"https:\\\/\\\/cvsmotion.com\\\/digital\\\/pagina-web-para-negocio\\\/#breadcrumb\"},\"inLanguage\":\"en-US\",\"potentialAction\":[{\"@type\":\"ReadAction\",\"target\":[\"https:\\\/\\\/cvsmotion.com\\\/digital\\\/pagina-web-para-negocio\\\/\"]}]},{\"@type\":\"ImageObject\",\"inLanguage\":\"en-US\",\"@id\":\"https:\\\/\\\/cvsmotion.com\\\/digital\\\/pagina-web-para-negocio\\\/#primaryimage\",\"url\":\"https:\\\/\\\/cvsmotion.com\\\/digital\\\/wp-content\\\/uploads\\\/2019\\\/12\\\/asombroso-websites-dise\u00f1o-profesional-NJ-USA.jpg\",\"contentUrl\":\"https:\\\/\\\/cvsmotion.com\\\/digital\\\/wp-content\\\/uploads\\\/2019\\\/12\\\/asombroso-websites-dise\u00f1o-profesional-NJ-USA.jpg\",\"width\":850,\"height\":850,\"caption\":\"P\u00e1gina web para empresas dise\u00f1o profesional\"},{\"@type\":\"BreadcrumbList\",\"@id\":\"https:\\\/\\\/cvsmotion.com\\\/digital\\\/pagina-web-para-negocio\\\/#breadcrumb\",\"itemListElement\":[{\"@type\":\"ListItem\",\"position\":1,\"name\":\"Home\",\"item\":\"https:\\\/\\\/cvsmotion.com\\\/digital\\\/\"},{\"@type\":\"ListItem\",\"position\":2,\"name\":\"Marketing Productos y Servicios para Negocios\",\"item\":\"https:\\\/\\\/cvsmotion.com\\\/digital\\\/shop\\\/\"},{\"@type\":\"ListItem\",\"position\":3,\"name\":\"Pagina Web para Negocio\"}]},{\"@type\":\"WebSite\",\"@id\":\"https:\\\/\\\/cvsmotion.com\\\/digital\\\/#website\",\"url\":\"https:\\\/\\\/cvsmotion.com\\\/digital\\\/\",\"name\":\"Agencia de Marketing Digital en los Estados Unidos | CVS Motion Digital\",\"description\":\"CVS MOTION\",\"publisher\":{\"@id\":\"https:\\\/\\\/cvsmotion.com\\\/digital\\\/#organization\"},\"alternateName\":\"CVS Motion Soluciones digitales para el \u00e9xito de su empresa en Internet. P\u00e1ginas Web, WordPress, Tienda online, SEO, Alojamiento Web, Dominios, Correos\",\"potentialAction\":[{\"@type\":\"SearchAction\",\"target\":{\"@type\":\"EntryPoint\",\"urlTemplate\":\"https:\\\/\\\/cvsmotion.com\\\/digital\\\/?s={search_term_string}\"},\"query-input\":{\"@type\":\"PropertyValueSpecification\",\"valueRequired\":true,\"valueName\":\"search_term_string\"}}],\"inLanguage\":\"en-US\"},{\"@type\":\"Organization\",\"@id\":\"https:\\\/\\\/cvsmotion.com\\\/digital\\\/#organization\",\"name\":\"CVS Motion Digital\",\"alternateName\":\"Motion Digital Agencia marketing digital online en los Estados Unidos\",\"url\":\"https:\\\/\\\/cvsmotion.com\\\/digital\\\/\",\"logo\":{\"@type\":\"ImageObject\",\"inLanguage\":\"en-US\",\"@id\":\"https:\\\/\\\/cvsmotion.com\\\/digital\\\/#\\\/schema\\\/logo\\\/image\\\/\",\"url\":\"https:\\\/\\\/cvsmotion.com\\\/digital\\\/wp-content\\\/uploads\\\/2022\\\/01\\\/motion-marketing-online-usa.png\",\"contentUrl\":\"https:\\\/\\\/cvsmotion.com\\\/digital\\\/wp-content\\\/uploads\\\/2022\\\/01\\\/motion-marketing-online-usa.png\",\"width\":173,\"height\":120,\"caption\":\"CVS Motion Digital\"},\"image\":{\"@id\":\"https:\\\/\\\/cvsmotion.com\\\/digital\\\/#\\\/schema\\\/logo\\\/image\\\/\"},\"sameAs\":[\"https:\\\/\\\/www.facebook.com\\\/Cvsdigitaldesign\\\/\",\"https:\\\/\\\/x.com\\\/CvsMotion\",\"https:\\\/\\\/www.instagram.com\\\/cvsmotion\\\/\",\"https:\\\/\\\/www.youtube.com\\\/@cvsmotiondigital\",\"https:\\\/\\\/www.pinterest.com\\\/CVSMotion\\\/\",\"https:\\\/\\\/www.yelp.com\\\/biz\\\/cvs-motion-digital-design-newark\"]}]}<\/script>\n<!-- \/ Yoast SEO plugin. -->","yoast_head_json":{"title":"Pagina Web para Negocio - P\u00e1ginas Web, WordPress, Tienda online, SEO, Alojamiento Web, Dominios, Correos","description":"Pagina Web para Negocio, perfecto para poner su negocios en INTERNET. Completamente PERSONALIZADO para usted seg\u00fan la necesidad de su empresa.","robots":{"index":"index","follow":"follow","max-snippet":"max-snippet:-1","max-image-preview":"max-image-preview:large","max-video-preview":"max-video-preview:-1"},"canonical":"https:\/\/cvsmotion.com\/digital\/pagina-web-para-negocio\/","og_locale":"en_US","og_type":"article","og_title":"Pagina Web para Negocio - P\u00e1ginas Web, WordPress, Tienda online, SEO, Alojamiento Web, Dominios, Correos","og_description":"Pagina Web para Negocio, perfecto para poner su negocios en INTERNET. Completamente PERSONALIZADO para usted seg\u00fan la necesidad de su empresa.","og_url":"https:\/\/cvsmotion.com\/digital\/pagina-web-para-negocio\/","og_site_name":"P\u00e1ginas Web, WordPress, Tienda online, SEO, Alojamiento Web, Dominios, Correos","article_publisher":"https:\/\/www.facebook.com\/Cvsdigitaldesign\/","article_modified_time":"2025-02-14T19:42:34+00:00","og_image":[{"width":850,"height":850,"url":"https:\/\/cvsmotion.com\/digital\/wp-content\/uploads\/2019\/12\/asombroso-websites-dise\u00f1o-profesional-NJ-USA.jpg","type":"image\/jpeg"}],"twitter_card":"summary_large_image","twitter_site":"@CvsMotion","twitter_misc":{"Est. reading time":"2 minutes"},"schema":{"@context":"https:\/\/schema.org","@graph":[{"@type":"WebPage","@id":"https:\/\/cvsmotion.com\/digital\/pagina-web-para-negocio\/","url":"https:\/\/cvsmotion.com\/digital\/pagina-web-para-negocio\/","name":"Pagina Web para Negocio - P\u00e1ginas Web, WordPress, Tienda online, SEO, Alojamiento Web, Dominios, Correos","isPartOf":{"@id":"https:\/\/cvsmotion.com\/digital\/#website"},"primaryImageOfPage":{"@id":"https:\/\/cvsmotion.com\/digital\/pagina-web-para-negocio\/#primaryimage"},"image":{"@id":"https:\/\/cvsmotion.com\/digital\/pagina-web-para-negocio\/#primaryimage"},"thumbnailUrl":"https:\/\/cvsmotion.com\/digital\/wp-content\/uploads\/2019\/12\/asombroso-websites-dise\u00f1o-profesional-NJ-USA.jpg","datePublished":"2019-12-05T06:08:11+00:00","dateModified":"2025-02-14T19:42:34+00:00","description":"Pagina Web para Negocio, perfecto para poner su negocios en INTERNET. Completamente PERSONALIZADO para usted seg\u00fan la necesidad de su empresa.","breadcrumb":{"@id":"https:\/\/cvsmotion.com\/digital\/pagina-web-para-negocio\/#breadcrumb"},"inLanguage":"en-US","potentialAction":[{"@type":"ReadAction","target":["https:\/\/cvsmotion.com\/digital\/pagina-web-para-negocio\/"]}]},{"@type":"ImageObject","inLanguage":"en-US","@id":"https:\/\/cvsmotion.com\/digital\/pagina-web-para-negocio\/#primaryimage","url":"https:\/\/cvsmotion.com\/digital\/wp-content\/uploads\/2019\/12\/asombroso-websites-dise\u00f1o-profesional-NJ-USA.jpg","contentUrl":"https:\/\/cvsmotion.com\/digital\/wp-content\/uploads\/2019\/12\/asombroso-websites-dise\u00f1o-profesional-NJ-USA.jpg","width":850,"height":850,"caption":"P\u00e1gina web para empresas dise\u00f1o profesional"},{"@type":"BreadcrumbList","@id":"https:\/\/cvsmotion.com\/digital\/pagina-web-para-negocio\/#breadcrumb","itemListElement":[{"@type":"ListItem","position":1,"name":"Home","item":"https:\/\/cvsmotion.com\/digital\/"},{"@type":"ListItem","position":2,"name":"Marketing Productos y Servicios para Negocios","item":"https:\/\/cvsmotion.com\/digital\/shop\/"},{"@type":"ListItem","position":3,"name":"Pagina Web para Negocio"}]},{"@type":"WebSite","@id":"https:\/\/cvsmotion.com\/digital\/#website","url":"https:\/\/cvsmotion.com\/digital\/","name":"Agencia de Marketing Digital en los Estados Unidos | CVS Motion Digital","description":"CVS MOTION","publisher":{"@id":"https:\/\/cvsmotion.com\/digital\/#organization"},"alternateName":"CVS Motion Soluciones digitales para el \u00e9xito de su empresa en Internet. P\u00e1ginas Web, WordPress, Tienda online, SEO, Alojamiento Web, Dominios, Correos","potentialAction":[{"@type":"SearchAction","target":{"@type":"EntryPoint","urlTemplate":"https:\/\/cvsmotion.com\/digital\/?s={search_term_string}"},"query-input":{"@type":"PropertyValueSpecification","valueRequired":true,"valueName":"search_term_string"}}],"inLanguage":"en-US"},{"@type":"Organization","@id":"https:\/\/cvsmotion.com\/digital\/#organization","name":"CVS Motion Digital","alternateName":"Motion Digital Agencia marketing digital online en los Estados Unidos","url":"https:\/\/cvsmotion.com\/digital\/","logo":{"@type":"ImageObject","inLanguage":"en-US","@id":"https:\/\/cvsmotion.com\/digital\/#\/schema\/logo\/image\/","url":"https:\/\/cvsmotion.com\/digital\/wp-content\/uploads\/2022\/01\/motion-marketing-online-usa.png","contentUrl":"https:\/\/cvsmotion.com\/digital\/wp-content\/uploads\/2022\/01\/motion-marketing-online-usa.png","width":173,"height":120,"caption":"CVS Motion Digital"},"image":{"@id":"https:\/\/cvsmotion.com\/digital\/#\/schema\/logo\/image\/"},"sameAs":["https:\/\/www.facebook.com\/Cvsdigitaldesign\/","https:\/\/x.com\/CvsMotion","https:\/\/www.instagram.com\/cvsmotion\/","https:\/\/www.youtube.com\/@cvsmotiondigital","https:\/\/www.pinterest.com\/CVSMotion\/","https:\/\/www.yelp.com\/biz\/cvs-motion-digital-design-newark"]}]}},"_links":{"self":[{"href":"https:\/\/cvsmotion.com\/digital\/wp-json\/wp\/v2\/product\/1527","targetHints":{"allow":["GET"]}}],"collection":[{"href":"https:\/\/cvsmotion.com\/digital\/wp-json\/wp\/v2\/product"}],"about":[{"href":"https:\/\/cvsmotion.com\/digital\/wp-json\/wp\/v2\/types\/product"}],"replies":[{"embeddable":true,"href":"https:\/\/cvsmotion.com\/digital\/wp-json\/wp\/v2\/comments?post=1527"}],"wp:featuredmedia":[{"embeddable":true,"href":"https:\/\/cvsmotion.com\/digital\/wp-json\/wp\/v2\/media\/1531"}],"wp:attachment":[{"href":"https:\/\/cvsmotion.com\/digital\/wp-json\/wp\/v2\/media?parent=1527"}],"wp:term":[{"taxonomy":"product_brand","embeddable":true,"href":"https:\/\/cvsmotion.com\/digital\/wp-json\/wp\/v2\/product_brand?post=1527"},{"taxonomy":"product_cat","embeddable":true,"href":"https:\/\/cvsmotion.com\/digital\/wp-json\/wp\/v2\/product_cat?post=1527"},{"taxonomy":"product_tag","embeddable":true,"href":"https:\/\/cvsmotion.com\/digital\/wp-json\/wp\/v2\/product_tag?post=1527"}],"curies":[{"name":"wp","href":"https:\/\/api.w.org\/{rel}","templated":true}]}}