{"id":1526,"date":"2019-12-05T01:08:04","date_gmt":"2019-12-05T06:08:04","guid":{"rendered":"https:\/\/cvsmotion.com\/digital\/?post_type=product&#038;p=1526"},"modified":"2025-02-14T13:56:34","modified_gmt":"2025-02-14T18:56:34","slug":"diseno-de-tienda-online-ecommerce-nj-usa","status":"publish","type":"product","link":"https:\/\/cvsmotion.com\/digital\/diseno-de-tienda-online-ecommerce-nj-usa\/","title":{"rendered":"Tienda online"},"content":{"rendered":"<p><b>Dise\u00f1o de tienda online, e-commerce.<\/b> Empieza a vender en internet una website moderna y adaptable, un dise\u00f1o profesional\u00a0 perfecto para iniciar y llevar su negocios en INTERNET. Completamente PERSONALIZADO para usted seg\u00fan la necesidad de su empresa. <strong>100% de satisfacci\u00f3n.<\/strong><\/p>\n<p>Br\u00edndanos la informaci\u00f3n b\u00e1sica y deje el resto a nuestro equipo.<\/p>\n<p><strong>Por favor proporcione los siguientes detalles:<\/strong><\/p>\n<p>&#8211; Nombre de su empresa y el rubro comercial (Restaurantes, hotel, salud, construction&#8230;).<\/p>\n<p>&#8211; Describa su negocio y qui\u00e9n es su p\u00fablico objetivo.<\/p>\n<p>&#8211; Env\u00edenos archivo .zip con im\u00e1genes, texto, logotipo, etc.<\/p>\n<p>&#8211; Detalles del contenido: si no tiene nada, entonces usamos contenido ficticio e im\u00e1genes gratuitas (puede reemplazarlo en cualquier momento o despu\u00e9s del proyecto )<\/p>\n<p>&#8211; Preferencias de estilo y color (si las hay)<\/p>\n<p>&#8211; Algunos sitios web de ejemplo (si es que lo tiene)<\/p>\n<p>&#8211; URL de su sitio web existente o accesos (si existe)<br \/>\n============================<br \/>\nTenga en cuenta que este servicio solo proporciona servicios de dise\u00f1o web. Si desea un desarrollo especial o escalar la p\u00e1gina web, necesita pedir una cotizaci\u00f3n personalizada<span style=\"color: #3366ff;\"><a style=\"color: #3366ff;\" href=\"https:\/\/cvsmotion.com\/digital\/proyectos-especiales-de-paginas-web-y-marketing-online\/\"><strong> Aqu\u00ed<\/strong><\/a><\/span><\/p>\n<p>&nbsp;<\/p>\n","protected":false},"excerpt":{"rendered":"<p><strong>Descripci\u00f3n del servicio:<\/strong><\/p>\n<ol>\n<li>Dise\u00f1o ecommerce &#8211; wordpress<\/li>\n<li>Informaci\u00f3n \/ 50 productos como m\u00e1ximo<\/li>\n<li>Recibir\u00e1s accesos a su tienda online<\/li>\n<li>Dominio y Alojamiento Web<strong> (por 1 a\u00f1o Gratis)<\/strong><\/li>\n<li>Ajustes \/ revisiones por: 5 d\u00edas<\/li>\n<\/ol>\n<h4>Servicios Extras:<\/h4>\n","protected":false},"featured_media":1528,"comment_status":"open","ping_status":"closed","template":"","meta":{"inline_featured_image":false,"_joinchat":[]},"product_brand":[],"product_cat":[89],"product_tag":[],"class_list":{"0":"post-1526","1":"product","2":"type-product","3":"status-publish","4":"has-post-thumbnail","6":"product_cat-diseno-y-desarrollo-de-paginas-web","7":"text-center loop-item","9":"first","10":"instock","11":"virtual","12":"sold-individually","13":"purchasable","14":"product-type-simple"},"yoast_head":"<!-- This site is optimized with the Yoast SEO plugin v27.4 - https:\/\/yoast.com\/product\/yoast-seo-wordpress\/ -->\n<title>Tienda online - P\u00e1ginas Web, WordPress, Tienda online, SEO, Alojamiento Web, Dominios, Correos<\/title>\n<meta name=\"description\" content=\"DiseDise\u00f1o de tienda online, e-commerce. Empieza a vender en internet una website moderna y adaptable, un dise\u00f1o profesional.\" \/>\n<meta name=\"robots\" content=\"index, follow, max-snippet:-1, max-image-preview:large, max-video-preview:-1\" \/>\n<link rel=\"canonical\" href=\"https:\/\/cvsmotion.com\/digital\/diseno-de-tienda-online-ecommerce-nj-usa\/?preview_id=1526&preview_nonce=b7d17ea1da&_thumbnail_id=1528&preview=true\" \/>\n<meta property=\"og:locale\" content=\"en_US\" \/>\n<meta property=\"og:type\" content=\"article\" \/>\n<meta property=\"og:title\" content=\"Tienda online - P\u00e1ginas Web, WordPress, Tienda online, SEO, Alojamiento Web, Dominios, Correos\" \/>\n<meta property=\"og:description\" content=\"DiseDise\u00f1o de tienda online, e-commerce. Empieza a vender en internet una website moderna y adaptable, un dise\u00f1o profesional.\" \/>\n<meta property=\"og:url\" content=\"https:\/\/cvsmotion.com\/digital\/diseno-de-tienda-online-ecommerce-nj-usa\/?preview_id=1526&amp;preview_nonce=b7d17ea1da&amp;_thumbnail_id=1528&amp;preview=true\" \/>\n<meta property=\"og:site_name\" content=\"P\u00e1ginas Web, WordPress, Tienda online, SEO, Alojamiento Web, Dominios, Correos\" \/>\n<meta property=\"article:publisher\" content=\"https:\/\/www.facebook.com\/Cvsdigitaldesign\/\" \/>\n<meta property=\"article:modified_time\" content=\"2025-02-14T18:56:34+00:00\" \/>\n<meta property=\"og:image\" content=\"https:\/\/cvsmotion.com\/digital\/wp-content\/uploads\/2019\/12\/tienda-online-dise\u00f1o-ecommerce-NJ-USA.jpg\" \/>\n\t<meta property=\"og:image:width\" content=\"850\" \/>\n\t<meta property=\"og:image:height\" content=\"850\" \/>\n\t<meta property=\"og:image:type\" content=\"image\/jpeg\" \/>\n<meta name=\"twitter:card\" content=\"summary_large_image\" \/>\n<meta name=\"twitter:site\" content=\"@CvsMotion\" \/>\n<meta name=\"twitter:label1\" content=\"Est. reading time\" \/>\n\t<meta name=\"twitter:data1\" content=\"1 minute\" \/>\n<script type=\"application\/ld+json\" class=\"yoast-schema-graph\">{\"@context\":\"https:\\\/\\\/schema.org\",\"@graph\":[{\"@type\":\"WebPage\",\"@id\":\"https:\\\/\\\/cvsmotion.com\\\/digital\\\/diseno-de-tienda-online-ecommerce-nj-usa\\\/\",\"url\":\"https:\\\/\\\/cvsmotion.com\\\/digital\\\/diseno-de-tienda-online-ecommerce-nj-usa\\\/?preview_id=1526&preview_nonce=b7d17ea1da&_thumbnail_id=1528&preview=true\",\"name\":\"Tienda online - P\u00e1ginas Web, WordPress, Tienda online, SEO, Alojamiento Web, Dominios, Correos\",\"isPartOf\":{\"@id\":\"https:\\\/\\\/cvsmotion.com\\\/digital\\\/#website\"},\"primaryImageOfPage\":{\"@id\":\"https:\\\/\\\/cvsmotion.com\\\/digital\\\/diseno-de-tienda-online-ecommerce-nj-usa\\\/?preview_id=1526&preview_nonce=b7d17ea1da&_thumbnail_id=1528&preview=true#primaryimage\"},\"image\":{\"@id\":\"https:\\\/\\\/cvsmotion.com\\\/digital\\\/diseno-de-tienda-online-ecommerce-nj-usa\\\/?preview_id=1526&preview_nonce=b7d17ea1da&_thumbnail_id=1528&preview=true#primaryimage\"},\"thumbnailUrl\":\"https:\\\/\\\/cvsmotion.com\\\/digital\\\/wp-content\\\/uploads\\\/2019\\\/12\\\/tienda-online-dise\u00f1o-ecommerce-NJ-USA.jpg\",\"datePublished\":\"2019-12-05T06:08:04+00:00\",\"dateModified\":\"2025-02-14T18:56:34+00:00\",\"description\":\"DiseDise\u00f1o de tienda online, e-commerce. Empieza a vender en internet una website moderna y adaptable, un dise\u00f1o profesional.\",\"breadcrumb\":{\"@id\":\"https:\\\/\\\/cvsmotion.com\\\/digital\\\/diseno-de-tienda-online-ecommerce-nj-usa\\\/?preview_id=1526&preview_nonce=b7d17ea1da&_thumbnail_id=1528&preview=true#breadcrumb\"},\"inLanguage\":\"en-US\",\"potentialAction\":[{\"@type\":\"ReadAction\",\"target\":[\"https:\\\/\\\/cvsmotion.com\\\/digital\\\/diseno-de-tienda-online-ecommerce-nj-usa\\\/?preview_id=1526&preview_nonce=b7d17ea1da&_thumbnail_id=1528&preview=true\"]}]},{\"@type\":\"ImageObject\",\"inLanguage\":\"en-US\",\"@id\":\"https:\\\/\\\/cvsmotion.com\\\/digital\\\/diseno-de-tienda-online-ecommerce-nj-usa\\\/?preview_id=1526&preview_nonce=b7d17ea1da&_thumbnail_id=1528&preview=true#primaryimage\",\"url\":\"https:\\\/\\\/cvsmotion.com\\\/digital\\\/wp-content\\\/uploads\\\/2019\\\/12\\\/tienda-online-dise\u00f1o-ecommerce-NJ-USA.jpg\",\"contentUrl\":\"https:\\\/\\\/cvsmotion.com\\\/digital\\\/wp-content\\\/uploads\\\/2019\\\/12\\\/tienda-online-dise\u00f1o-ecommerce-NJ-USA.jpg\",\"width\":850,\"height\":850,\"caption\":\"Tienda online dise\u00f1o e commerce\"},{\"@type\":\"BreadcrumbList\",\"@id\":\"https:\\\/\\\/cvsmotion.com\\\/digital\\\/diseno-de-tienda-online-ecommerce-nj-usa\\\/?preview_id=1526&preview_nonce=b7d17ea1da&_thumbnail_id=1528&preview=true#breadcrumb\",\"itemListElement\":[{\"@type\":\"ListItem\",\"position\":1,\"name\":\"Home\",\"item\":\"https:\\\/\\\/cvsmotion.com\\\/digital\\\/\"},{\"@type\":\"ListItem\",\"position\":2,\"name\":\"Marketing Productos y Servicios para Negocios\",\"item\":\"https:\\\/\\\/cvsmotion.com\\\/digital\\\/shop\\\/\"},{\"@type\":\"ListItem\",\"position\":3,\"name\":\"Tienda online\"}]},{\"@type\":\"WebSite\",\"@id\":\"https:\\\/\\\/cvsmotion.com\\\/digital\\\/#website\",\"url\":\"https:\\\/\\\/cvsmotion.com\\\/digital\\\/\",\"name\":\"Agencia de Marketing Digital en los Estados Unidos | CVS Motion Digital\",\"description\":\"CVS MOTION\",\"publisher\":{\"@id\":\"https:\\\/\\\/cvsmotion.com\\\/digital\\\/#organization\"},\"alternateName\":\"CVS Motion Soluciones digitales para el \u00e9xito de su empresa en Internet. P\u00e1ginas Web, WordPress, Tienda online, SEO, Alojamiento Web, Dominios, Correos\",\"potentialAction\":[{\"@type\":\"SearchAction\",\"target\":{\"@type\":\"EntryPoint\",\"urlTemplate\":\"https:\\\/\\\/cvsmotion.com\\\/digital\\\/?s={search_term_string}\"},\"query-input\":{\"@type\":\"PropertyValueSpecification\",\"valueRequired\":true,\"valueName\":\"search_term_string\"}}],\"inLanguage\":\"en-US\"},{\"@type\":\"Organization\",\"@id\":\"https:\\\/\\\/cvsmotion.com\\\/digital\\\/#organization\",\"name\":\"CVS Motion Digital\",\"alternateName\":\"Motion Digital Agencia marketing digital online en los Estados Unidos\",\"url\":\"https:\\\/\\\/cvsmotion.com\\\/digital\\\/\",\"logo\":{\"@type\":\"ImageObject\",\"inLanguage\":\"en-US\",\"@id\":\"https:\\\/\\\/cvsmotion.com\\\/digital\\\/#\\\/schema\\\/logo\\\/image\\\/\",\"url\":\"https:\\\/\\\/cvsmotion.com\\\/digital\\\/wp-content\\\/uploads\\\/2022\\\/01\\\/motion-marketing-online-usa.png\",\"contentUrl\":\"https:\\\/\\\/cvsmotion.com\\\/digital\\\/wp-content\\\/uploads\\\/2022\\\/01\\\/motion-marketing-online-usa.png\",\"width\":173,\"height\":120,\"caption\":\"CVS Motion Digital\"},\"image\":{\"@id\":\"https:\\\/\\\/cvsmotion.com\\\/digital\\\/#\\\/schema\\\/logo\\\/image\\\/\"},\"sameAs\":[\"https:\\\/\\\/www.facebook.com\\\/Cvsdigitaldesign\\\/\",\"https:\\\/\\\/x.com\\\/CvsMotion\",\"https:\\\/\\\/www.instagram.com\\\/cvsmotion\\\/\",\"https:\\\/\\\/www.youtube.com\\\/@cvsmotiondigital\",\"https:\\\/\\\/www.pinterest.com\\\/CVSMotion\\\/\",\"https:\\\/\\\/www.yelp.com\\\/biz\\\/cvs-motion-digital-design-newark\"]}]}<\/script>\n<!-- \/ Yoast SEO plugin. -->","yoast_head_json":{"title":"Tienda online - P\u00e1ginas Web, WordPress, Tienda online, SEO, Alojamiento Web, Dominios, Correos","description":"DiseDise\u00f1o de tienda online, e-commerce. Empieza a vender en internet una website moderna y adaptable, un dise\u00f1o profesional.","robots":{"index":"index","follow":"follow","max-snippet":"max-snippet:-1","max-image-preview":"max-image-preview:large","max-video-preview":"max-video-preview:-1"},"canonical":"https:\/\/cvsmotion.com\/digital\/diseno-de-tienda-online-ecommerce-nj-usa\/?preview_id=1526&preview_nonce=b7d17ea1da&_thumbnail_id=1528&preview=true","og_locale":"en_US","og_type":"article","og_title":"Tienda online - P\u00e1ginas Web, WordPress, Tienda online, SEO, Alojamiento Web, Dominios, Correos","og_description":"DiseDise\u00f1o de tienda online, e-commerce. Empieza a vender en internet una website moderna y adaptable, un dise\u00f1o profesional.","og_url":"https:\/\/cvsmotion.com\/digital\/diseno-de-tienda-online-ecommerce-nj-usa\/?preview_id=1526&preview_nonce=b7d17ea1da&_thumbnail_id=1528&preview=true","og_site_name":"P\u00e1ginas Web, WordPress, Tienda online, SEO, Alojamiento Web, Dominios, Correos","article_publisher":"https:\/\/www.facebook.com\/Cvsdigitaldesign\/","article_modified_time":"2025-02-14T18:56:34+00:00","og_image":[{"width":850,"height":850,"url":"https:\/\/cvsmotion.com\/digital\/wp-content\/uploads\/2019\/12\/tienda-online-dise\u00f1o-ecommerce-NJ-USA.jpg","type":"image\/jpeg"}],"twitter_card":"summary_large_image","twitter_site":"@CvsMotion","twitter_misc":{"Est. reading time":"1 minute"},"schema":{"@context":"https:\/\/schema.org","@graph":[{"@type":"WebPage","@id":"https:\/\/cvsmotion.com\/digital\/diseno-de-tienda-online-ecommerce-nj-usa\/","url":"https:\/\/cvsmotion.com\/digital\/diseno-de-tienda-online-ecommerce-nj-usa\/?preview_id=1526&preview_nonce=b7d17ea1da&_thumbnail_id=1528&preview=true","name":"Tienda online - P\u00e1ginas Web, WordPress, Tienda online, SEO, Alojamiento Web, Dominios, Correos","isPartOf":{"@id":"https:\/\/cvsmotion.com\/digital\/#website"},"primaryImageOfPage":{"@id":"https:\/\/cvsmotion.com\/digital\/diseno-de-tienda-online-ecommerce-nj-usa\/?preview_id=1526&preview_nonce=b7d17ea1da&_thumbnail_id=1528&preview=true#primaryimage"},"image":{"@id":"https:\/\/cvsmotion.com\/digital\/diseno-de-tienda-online-ecommerce-nj-usa\/?preview_id=1526&preview_nonce=b7d17ea1da&_thumbnail_id=1528&preview=true#primaryimage"},"thumbnailUrl":"https:\/\/cvsmotion.com\/digital\/wp-content\/uploads\/2019\/12\/tienda-online-dise\u00f1o-ecommerce-NJ-USA.jpg","datePublished":"2019-12-05T06:08:04+00:00","dateModified":"2025-02-14T18:56:34+00:00","description":"DiseDise\u00f1o de tienda online, e-commerce. Empieza a vender en internet una website moderna y adaptable, un dise\u00f1o profesional.","breadcrumb":{"@id":"https:\/\/cvsmotion.com\/digital\/diseno-de-tienda-online-ecommerce-nj-usa\/?preview_id=1526&preview_nonce=b7d17ea1da&_thumbnail_id=1528&preview=true#breadcrumb"},"inLanguage":"en-US","potentialAction":[{"@type":"ReadAction","target":["https:\/\/cvsmotion.com\/digital\/diseno-de-tienda-online-ecommerce-nj-usa\/?preview_id=1526&preview_nonce=b7d17ea1da&_thumbnail_id=1528&preview=true"]}]},{"@type":"ImageObject","inLanguage":"en-US","@id":"https:\/\/cvsmotion.com\/digital\/diseno-de-tienda-online-ecommerce-nj-usa\/?preview_id=1526&preview_nonce=b7d17ea1da&_thumbnail_id=1528&preview=true#primaryimage","url":"https:\/\/cvsmotion.com\/digital\/wp-content\/uploads\/2019\/12\/tienda-online-dise\u00f1o-ecommerce-NJ-USA.jpg","contentUrl":"https:\/\/cvsmotion.com\/digital\/wp-content\/uploads\/2019\/12\/tienda-online-dise\u00f1o-ecommerce-NJ-USA.jpg","width":850,"height":850,"caption":"Tienda online dise\u00f1o e commerce"},{"@type":"BreadcrumbList","@id":"https:\/\/cvsmotion.com\/digital\/diseno-de-tienda-online-ecommerce-nj-usa\/?preview_id=1526&preview_nonce=b7d17ea1da&_thumbnail_id=1528&preview=true#breadcrumb","itemListElement":[{"@type":"ListItem","position":1,"name":"Home","item":"https:\/\/cvsmotion.com\/digital\/"},{"@type":"ListItem","position":2,"name":"Marketing Productos y Servicios para Negocios","item":"https:\/\/cvsmotion.com\/digital\/shop\/"},{"@type":"ListItem","position":3,"name":"Tienda online"}]},{"@type":"WebSite","@id":"https:\/\/cvsmotion.com\/digital\/#website","url":"https:\/\/cvsmotion.com\/digital\/","name":"Agencia de Marketing Digital en los Estados Unidos | CVS Motion Digital","description":"CVS MOTION","publisher":{"@id":"https:\/\/cvsmotion.com\/digital\/#organization"},"alternateName":"CVS Motion Soluciones digitales para el \u00e9xito de su empresa en Internet. P\u00e1ginas Web, WordPress, Tienda online, SEO, Alojamiento Web, Dominios, Correos","potentialAction":[{"@type":"SearchAction","target":{"@type":"EntryPoint","urlTemplate":"https:\/\/cvsmotion.com\/digital\/?s={search_term_string}"},"query-input":{"@type":"PropertyValueSpecification","valueRequired":true,"valueName":"search_term_string"}}],"inLanguage":"en-US"},{"@type":"Organization","@id":"https:\/\/cvsmotion.com\/digital\/#organization","name":"CVS Motion Digital","alternateName":"Motion Digital Agencia marketing digital online en los Estados Unidos","url":"https:\/\/cvsmotion.com\/digital\/","logo":{"@type":"ImageObject","inLanguage":"en-US","@id":"https:\/\/cvsmotion.com\/digital\/#\/schema\/logo\/image\/","url":"https:\/\/cvsmotion.com\/digital\/wp-content\/uploads\/2022\/01\/motion-marketing-online-usa.png","contentUrl":"https:\/\/cvsmotion.com\/digital\/wp-content\/uploads\/2022\/01\/motion-marketing-online-usa.png","width":173,"height":120,"caption":"CVS Motion Digital"},"image":{"@id":"https:\/\/cvsmotion.com\/digital\/#\/schema\/logo\/image\/"},"sameAs":["https:\/\/www.facebook.com\/Cvsdigitaldesign\/","https:\/\/x.com\/CvsMotion","https:\/\/www.instagram.com\/cvsmotion\/","https:\/\/www.youtube.com\/@cvsmotiondigital","https:\/\/www.pinterest.com\/CVSMotion\/","https:\/\/www.yelp.com\/biz\/cvs-motion-digital-design-newark"]}]}},"_links":{"self":[{"href":"https:\/\/cvsmotion.com\/digital\/wp-json\/wp\/v2\/product\/1526","targetHints":{"allow":["GET"]}}],"collection":[{"href":"https:\/\/cvsmotion.com\/digital\/wp-json\/wp\/v2\/product"}],"about":[{"href":"https:\/\/cvsmotion.com\/digital\/wp-json\/wp\/v2\/types\/product"}],"replies":[{"embeddable":true,"href":"https:\/\/cvsmotion.com\/digital\/wp-json\/wp\/v2\/comments?post=1526"}],"wp:featuredmedia":[{"embeddable":true,"href":"https:\/\/cvsmotion.com\/digital\/wp-json\/wp\/v2\/media\/1528"}],"wp:attachment":[{"href":"https:\/\/cvsmotion.com\/digital\/wp-json\/wp\/v2\/media?parent=1526"}],"wp:term":[{"taxonomy":"product_brand","embeddable":true,"href":"https:\/\/cvsmotion.com\/digital\/wp-json\/wp\/v2\/product_brand?post=1526"},{"taxonomy":"product_cat","embeddable":true,"href":"https:\/\/cvsmotion.com\/digital\/wp-json\/wp\/v2\/product_cat?post=1526"},{"taxonomy":"product_tag","embeddable":true,"href":"https:\/\/cvsmotion.com\/digital\/wp-json\/wp\/v2\/product_tag?post=1526"}],"curies":[{"name":"wp","href":"https:\/\/api.w.org\/{rel}","templated":true}]}}