{"id":1446,"date":"2019-11-24T23:56:10","date_gmt":"2019-11-25T04:56:10","guid":{"rendered":"https:\/\/cvsmotion.com\/digital\/?post_type=product&#038;p=1446"},"modified":"2023-09-11T20:52:22","modified_gmt":"2023-09-12T00:52:22","slug":"diseno-de-imagen-corporativa","status":"publish","type":"product","link":"https:\/\/cvsmotion.com\/digital\/diseno-de-imagen-corporativa\/","title":{"rendered":"Dise\u00f1o Corporativo"},"content":{"rendered":"<p>Dise\u00f1o de imagen, papeler\u00eda corporativa, un dise\u00f1o realmente profesional y creativo para su negocio.<\/p>\n<ul>\n<li>Tarjetas de negocio<\/li>\n<li>Carpetas presentaci\u00f3n<\/li>\n<li>Sobres corporativos<\/li>\n<li>Hojas membretada<\/li>\n<li>Formulario autocopiativo<\/li>\n<\/ul>\n<p><strong>Entrega de archivos:<\/strong><\/p>\n<p>Archivos (png, jpg) en alta resoluci\u00f3n<br \/>\nArchivos vector (pdf) listos para imprimir<\/p>\n<p><strong>Ajustes\/revisiones:<\/strong><\/p>\n<p>3 revisiones por: 2 d\u00edas<\/p>\n","protected":false},"excerpt":{"rendered":"<ul>\n<li>Tarjetas de negocio<\/li>\n<li>Carpetas presentaci\u00f3n<\/li>\n<li>Sobres corporativos<\/li>\n<li>Hojas membretada<\/li>\n<li>Formulario autocopiativo<\/li>\n<\/ul>\n<p>&nbsp;<\/p>\n<p><strong>Entrega de archivos:<\/strong><\/p>\n<p>Archivos (png, jpg) en alta resoluci\u00f3n<br \/>\nArchivos vector (pdf) listos para imprimir<\/p>\n<p><strong>Ajustes\/revisiones:<\/strong><\/p>\n<p>3 revisiones por: 2 d\u00edas<\/p>\n","protected":false},"featured_media":1447,"comment_status":"open","ping_status":"closed","template":"","meta":{"inline_featured_image":false,"_joinchat":[]},"product_brand":[],"product_cat":[83],"product_tag":[],"class_list":{"0":"post-1446","1":"product","2":"type-product","3":"status-publish","4":"has-post-thumbnail","6":"product_cat-diseno-online","7":"text-center loop-item","9":"first","10":"instock","11":"sold-individually","12":"shipping-taxable","13":"purchasable","14":"product-type-simple"},"yoast_head":"<!-- This site is optimized with the Yoast SEO plugin v27.4 - https:\/\/yoast.com\/product\/yoast-seo-wordpress\/ -->\n<title>Dise\u00f1o corporativo y material publicitario para empresas<\/title>\n<meta name=\"description\" content=\"Servicio de dise\u00f1o corporativo y material publicitario, son herramientas fundamentales para transmitir una imagen profesional y atractiva de tu empresa.\" \/>\n<meta name=\"robots\" content=\"index, follow, max-snippet:-1, max-image-preview:large, max-video-preview:-1\" \/>\n<link rel=\"canonical\" href=\"https:\/\/cvsmotion.com\/digital\/diseno-de-imagen-corporativa\/\" \/>\n<meta property=\"og:locale\" content=\"en_US\" \/>\n<meta property=\"og:type\" content=\"article\" \/>\n<meta property=\"og:title\" content=\"Dise\u00f1o corporativo y material publicitario para empresas\" \/>\n<meta property=\"og:description\" content=\"Servicio de dise\u00f1o corporativo y material publicitario, son herramientas fundamentales para transmitir una imagen profesional y atractiva de tu empresa.\" \/>\n<meta property=\"og:url\" content=\"https:\/\/cvsmotion.com\/digital\/diseno-de-imagen-corporativa\/\" \/>\n<meta property=\"og:site_name\" content=\"P\u00e1ginas Web, WordPress, Tienda online, SEO, Alojamiento Web, Dominios, Correos\" \/>\n<meta property=\"article:publisher\" content=\"https:\/\/www.facebook.com\/Cvsdigitaldesign\/\" \/>\n<meta property=\"article:modified_time\" content=\"2023-09-12T00:52:22+00:00\" \/>\n<meta property=\"og:image\" content=\"https:\/\/cvsmotion.com\/digital\/wp-content\/uploads\/2019\/11\/diseno-imagen-corporativa.jpg\" \/>\n\t<meta property=\"og:image:width\" content=\"850\" \/>\n\t<meta property=\"og:image:height\" content=\"850\" \/>\n\t<meta property=\"og:image:type\" content=\"image\/jpeg\" \/>\n<meta name=\"twitter:card\" content=\"summary_large_image\" \/>\n<meta name=\"twitter:site\" content=\"@CvsMotion\" \/>\n<meta name=\"twitter:label1\" content=\"Est. reading time\" \/>\n\t<meta name=\"twitter:data1\" content=\"1 minute\" \/>\n<script type=\"application\/ld+json\" class=\"yoast-schema-graph\">{\"@context\":\"https:\\\/\\\/schema.org\",\"@graph\":[{\"@type\":\"WebPage\",\"@id\":\"https:\\\/\\\/cvsmotion.com\\\/digital\\\/diseno-de-imagen-corporativa\\\/\",\"url\":\"https:\\\/\\\/cvsmotion.com\\\/digital\\\/diseno-de-imagen-corporativa\\\/\",\"name\":\"Dise\u00f1o corporativo y material publicitario para empresas\",\"isPartOf\":{\"@id\":\"https:\\\/\\\/cvsmotion.com\\\/digital\\\/#website\"},\"primaryImageOfPage\":{\"@id\":\"https:\\\/\\\/cvsmotion.com\\\/digital\\\/diseno-de-imagen-corporativa\\\/#primaryimage\"},\"image\":{\"@id\":\"https:\\\/\\\/cvsmotion.com\\\/digital\\\/diseno-de-imagen-corporativa\\\/#primaryimage\"},\"thumbnailUrl\":\"https:\\\/\\\/cvsmotion.com\\\/digital\\\/wp-content\\\/uploads\\\/2019\\\/11\\\/diseno-imagen-corporativa.jpg\",\"datePublished\":\"2019-11-25T04:56:10+00:00\",\"dateModified\":\"2023-09-12T00:52:22+00:00\",\"description\":\"Servicio de dise\u00f1o corporativo y material publicitario, son herramientas fundamentales para transmitir una imagen profesional y atractiva de tu empresa.\",\"breadcrumb\":{\"@id\":\"https:\\\/\\\/cvsmotion.com\\\/digital\\\/diseno-de-imagen-corporativa\\\/#breadcrumb\"},\"inLanguage\":\"en-US\",\"potentialAction\":[{\"@type\":\"ReadAction\",\"target\":[\"https:\\\/\\\/cvsmotion.com\\\/digital\\\/diseno-de-imagen-corporativa\\\/\"]}]},{\"@type\":\"ImageObject\",\"inLanguage\":\"en-US\",\"@id\":\"https:\\\/\\\/cvsmotion.com\\\/digital\\\/diseno-de-imagen-corporativa\\\/#primaryimage\",\"url\":\"https:\\\/\\\/cvsmotion.com\\\/digital\\\/wp-content\\\/uploads\\\/2019\\\/11\\\/diseno-imagen-corporativa.jpg\",\"contentUrl\":\"https:\\\/\\\/cvsmotion.com\\\/digital\\\/wp-content\\\/uploads\\\/2019\\\/11\\\/diseno-imagen-corporativa.jpg\",\"width\":850,\"height\":850,\"caption\":\"dise\u00f1o de imagen corporativa\"},{\"@type\":\"BreadcrumbList\",\"@id\":\"https:\\\/\\\/cvsmotion.com\\\/digital\\\/diseno-de-imagen-corporativa\\\/#breadcrumb\",\"itemListElement\":[{\"@type\":\"ListItem\",\"position\":1,\"name\":\"Home\",\"item\":\"https:\\\/\\\/cvsmotion.com\\\/digital\\\/\"},{\"@type\":\"ListItem\",\"position\":2,\"name\":\"Marketing Productos y Servicios para Negocios\",\"item\":\"https:\\\/\\\/cvsmotion.com\\\/digital\\\/shop\\\/\"},{\"@type\":\"ListItem\",\"position\":3,\"name\":\"Dise\u00f1o Corporativo\"}]},{\"@type\":\"WebSite\",\"@id\":\"https:\\\/\\\/cvsmotion.com\\\/digital\\\/#website\",\"url\":\"https:\\\/\\\/cvsmotion.com\\\/digital\\\/\",\"name\":\"Agencia de Marketing Digital en los Estados Unidos | CVS Motion Digital\",\"description\":\"CVS MOTION\",\"publisher\":{\"@id\":\"https:\\\/\\\/cvsmotion.com\\\/digital\\\/#organization\"},\"alternateName\":\"CVS Motion Soluciones digitales para el \u00e9xito de su empresa en Internet. P\u00e1ginas Web, WordPress, Tienda online, SEO, Alojamiento Web, Dominios, Correos\",\"potentialAction\":[{\"@type\":\"SearchAction\",\"target\":{\"@type\":\"EntryPoint\",\"urlTemplate\":\"https:\\\/\\\/cvsmotion.com\\\/digital\\\/?s={search_term_string}\"},\"query-input\":{\"@type\":\"PropertyValueSpecification\",\"valueRequired\":true,\"valueName\":\"search_term_string\"}}],\"inLanguage\":\"en-US\"},{\"@type\":\"Organization\",\"@id\":\"https:\\\/\\\/cvsmotion.com\\\/digital\\\/#organization\",\"name\":\"CVS Motion Digital\",\"alternateName\":\"Motion Digital Agencia marketing digital online en los Estados Unidos\",\"url\":\"https:\\\/\\\/cvsmotion.com\\\/digital\\\/\",\"logo\":{\"@type\":\"ImageObject\",\"inLanguage\":\"en-US\",\"@id\":\"https:\\\/\\\/cvsmotion.com\\\/digital\\\/#\\\/schema\\\/logo\\\/image\\\/\",\"url\":\"https:\\\/\\\/cvsmotion.com\\\/digital\\\/wp-content\\\/uploads\\\/2022\\\/01\\\/motion-marketing-online-usa.png\",\"contentUrl\":\"https:\\\/\\\/cvsmotion.com\\\/digital\\\/wp-content\\\/uploads\\\/2022\\\/01\\\/motion-marketing-online-usa.png\",\"width\":173,\"height\":120,\"caption\":\"CVS Motion Digital\"},\"image\":{\"@id\":\"https:\\\/\\\/cvsmotion.com\\\/digital\\\/#\\\/schema\\\/logo\\\/image\\\/\"},\"sameAs\":[\"https:\\\/\\\/www.facebook.com\\\/Cvsdigitaldesign\\\/\",\"https:\\\/\\\/x.com\\\/CvsMotion\",\"https:\\\/\\\/www.instagram.com\\\/cvsmotion\\\/\",\"https:\\\/\\\/www.youtube.com\\\/@cvsmotiondigital\",\"https:\\\/\\\/www.pinterest.com\\\/CVSMotion\\\/\",\"https:\\\/\\\/www.yelp.com\\\/biz\\\/cvs-motion-digital-design-newark\"]}]}<\/script>\n<!-- \/ Yoast SEO plugin. -->","yoast_head_json":{"title":"Dise\u00f1o corporativo y material publicitario para empresas","description":"Servicio de dise\u00f1o corporativo y material publicitario, son herramientas fundamentales para transmitir una imagen profesional y atractiva de tu empresa.","robots":{"index":"index","follow":"follow","max-snippet":"max-snippet:-1","max-image-preview":"max-image-preview:large","max-video-preview":"max-video-preview:-1"},"canonical":"https:\/\/cvsmotion.com\/digital\/diseno-de-imagen-corporativa\/","og_locale":"en_US","og_type":"article","og_title":"Dise\u00f1o corporativo y material publicitario para empresas","og_description":"Servicio de dise\u00f1o corporativo y material publicitario, son herramientas fundamentales para transmitir una imagen profesional y atractiva de tu empresa.","og_url":"https:\/\/cvsmotion.com\/digital\/diseno-de-imagen-corporativa\/","og_site_name":"P\u00e1ginas Web, WordPress, Tienda online, SEO, Alojamiento Web, Dominios, Correos","article_publisher":"https:\/\/www.facebook.com\/Cvsdigitaldesign\/","article_modified_time":"2023-09-12T00:52:22+00:00","og_image":[{"width":850,"height":850,"url":"https:\/\/cvsmotion.com\/digital\/wp-content\/uploads\/2019\/11\/diseno-imagen-corporativa.jpg","type":"image\/jpeg"}],"twitter_card":"summary_large_image","twitter_site":"@CvsMotion","twitter_misc":{"Est. reading time":"1 minute"},"schema":{"@context":"https:\/\/schema.org","@graph":[{"@type":"WebPage","@id":"https:\/\/cvsmotion.com\/digital\/diseno-de-imagen-corporativa\/","url":"https:\/\/cvsmotion.com\/digital\/diseno-de-imagen-corporativa\/","name":"Dise\u00f1o corporativo y material publicitario para empresas","isPartOf":{"@id":"https:\/\/cvsmotion.com\/digital\/#website"},"primaryImageOfPage":{"@id":"https:\/\/cvsmotion.com\/digital\/diseno-de-imagen-corporativa\/#primaryimage"},"image":{"@id":"https:\/\/cvsmotion.com\/digital\/diseno-de-imagen-corporativa\/#primaryimage"},"thumbnailUrl":"https:\/\/cvsmotion.com\/digital\/wp-content\/uploads\/2019\/11\/diseno-imagen-corporativa.jpg","datePublished":"2019-11-25T04:56:10+00:00","dateModified":"2023-09-12T00:52:22+00:00","description":"Servicio de dise\u00f1o corporativo y material publicitario, son herramientas fundamentales para transmitir una imagen profesional y atractiva de tu empresa.","breadcrumb":{"@id":"https:\/\/cvsmotion.com\/digital\/diseno-de-imagen-corporativa\/#breadcrumb"},"inLanguage":"en-US","potentialAction":[{"@type":"ReadAction","target":["https:\/\/cvsmotion.com\/digital\/diseno-de-imagen-corporativa\/"]}]},{"@type":"ImageObject","inLanguage":"en-US","@id":"https:\/\/cvsmotion.com\/digital\/diseno-de-imagen-corporativa\/#primaryimage","url":"https:\/\/cvsmotion.com\/digital\/wp-content\/uploads\/2019\/11\/diseno-imagen-corporativa.jpg","contentUrl":"https:\/\/cvsmotion.com\/digital\/wp-content\/uploads\/2019\/11\/diseno-imagen-corporativa.jpg","width":850,"height":850,"caption":"dise\u00f1o de imagen corporativa"},{"@type":"BreadcrumbList","@id":"https:\/\/cvsmotion.com\/digital\/diseno-de-imagen-corporativa\/#breadcrumb","itemListElement":[{"@type":"ListItem","position":1,"name":"Home","item":"https:\/\/cvsmotion.com\/digital\/"},{"@type":"ListItem","position":2,"name":"Marketing Productos y Servicios para Negocios","item":"https:\/\/cvsmotion.com\/digital\/shop\/"},{"@type":"ListItem","position":3,"name":"Dise\u00f1o Corporativo"}]},{"@type":"WebSite","@id":"https:\/\/cvsmotion.com\/digital\/#website","url":"https:\/\/cvsmotion.com\/digital\/","name":"Agencia de Marketing Digital en los Estados Unidos | CVS Motion Digital","description":"CVS MOTION","publisher":{"@id":"https:\/\/cvsmotion.com\/digital\/#organization"},"alternateName":"CVS Motion Soluciones digitales para el \u00e9xito de su empresa en Internet. P\u00e1ginas Web, WordPress, Tienda online, SEO, Alojamiento Web, Dominios, Correos","potentialAction":[{"@type":"SearchAction","target":{"@type":"EntryPoint","urlTemplate":"https:\/\/cvsmotion.com\/digital\/?s={search_term_string}"},"query-input":{"@type":"PropertyValueSpecification","valueRequired":true,"valueName":"search_term_string"}}],"inLanguage":"en-US"},{"@type":"Organization","@id":"https:\/\/cvsmotion.com\/digital\/#organization","name":"CVS Motion Digital","alternateName":"Motion Digital Agencia marketing digital online en los Estados Unidos","url":"https:\/\/cvsmotion.com\/digital\/","logo":{"@type":"ImageObject","inLanguage":"en-US","@id":"https:\/\/cvsmotion.com\/digital\/#\/schema\/logo\/image\/","url":"https:\/\/cvsmotion.com\/digital\/wp-content\/uploads\/2022\/01\/motion-marketing-online-usa.png","contentUrl":"https:\/\/cvsmotion.com\/digital\/wp-content\/uploads\/2022\/01\/motion-marketing-online-usa.png","width":173,"height":120,"caption":"CVS Motion Digital"},"image":{"@id":"https:\/\/cvsmotion.com\/digital\/#\/schema\/logo\/image\/"},"sameAs":["https:\/\/www.facebook.com\/Cvsdigitaldesign\/","https:\/\/x.com\/CvsMotion","https:\/\/www.instagram.com\/cvsmotion\/","https:\/\/www.youtube.com\/@cvsmotiondigital","https:\/\/www.pinterest.com\/CVSMotion\/","https:\/\/www.yelp.com\/biz\/cvs-motion-digital-design-newark"]}]}},"_links":{"self":[{"href":"https:\/\/cvsmotion.com\/digital\/wp-json\/wp\/v2\/product\/1446","targetHints":{"allow":["GET"]}}],"collection":[{"href":"https:\/\/cvsmotion.com\/digital\/wp-json\/wp\/v2\/product"}],"about":[{"href":"https:\/\/cvsmotion.com\/digital\/wp-json\/wp\/v2\/types\/product"}],"replies":[{"embeddable":true,"href":"https:\/\/cvsmotion.com\/digital\/wp-json\/wp\/v2\/comments?post=1446"}],"wp:featuredmedia":[{"embeddable":true,"href":"https:\/\/cvsmotion.com\/digital\/wp-json\/wp\/v2\/media\/1447"}],"wp:attachment":[{"href":"https:\/\/cvsmotion.com\/digital\/wp-json\/wp\/v2\/media?parent=1446"}],"wp:term":[{"taxonomy":"product_brand","embeddable":true,"href":"https:\/\/cvsmotion.com\/digital\/wp-json\/wp\/v2\/product_brand?post=1446"},{"taxonomy":"product_cat","embeddable":true,"href":"https:\/\/cvsmotion.com\/digital\/wp-json\/wp\/v2\/product_cat?post=1446"},{"taxonomy":"product_tag","embeddable":true,"href":"https:\/\/cvsmotion.com\/digital\/wp-json\/wp\/v2\/product_tag?post=1446"}],"curies":[{"name":"wp","href":"https:\/\/api.w.org\/{rel}","templated":true}]}}