{"id":1442,"date":"2019-11-24T23:44:56","date_gmt":"2019-11-25T04:44:56","guid":{"rendered":"https:\/\/cvsmotion.com\/digital\/?post_type=product&#038;p=1442"},"modified":"2025-02-15T10:21:30","modified_gmt":"2025-02-15T15:21:30","slug":"diseno-de-menu-restaurante","status":"publish","type":"product","link":"https:\/\/cvsmotion.com\/digital\/diseno-de-menu-restaurante\/","title":{"rendered":"Dise\u00f1o de Menu Restaurante"},"content":{"rendered":"<p>Dise\u00f1o de Men\u00fa para restaurante, un dise\u00f1o realmente profesional y creativo para su negocio.<\/p>\n<ul>\n<li>Archivo digital dise\u00f1ado en ambos lados<\/li>\n<li>Obtendr\u00e1 archivos listos para imprimir<\/li>\n<li>Archivos vector ai, eps, svg<\/li>\n<li>Archivos de alta resoluci\u00f3n png, jpg, psd<\/li>\n<li>Ajustes \/ 5 revisiones por: 2 d\u00edas<\/li>\n<\/ul>\n<p>Ser\u00e1 completamente PERSONALIZADO para usted seg\u00fan sus requisitos. <strong>100% de satisfacci\u00f3n<\/strong><\/p>\n<p>&nbsp;<\/p>\n<p>&nbsp;<\/p>\n","protected":false},"excerpt":{"rendered":"<p><strong>Descripci\u00f3n del servicio:<\/strong><\/p>\n<ol>\n<li>Archivo digital dise\u00f1ado en ambos lados<\/li>\n<li>Obtendr\u00e1 archivos listos para imprimir<\/li>\n<li>Archivos vector ai, eps, svg<\/li>\n<li>Archivos de alta resoluci\u00f3n png, jpg, psd<\/li>\n<li>Ajustes \/ 5 revisiones por: 2 d\u00edas<\/li>\n<\/ol>\n<h4>Servicios Extras:<\/h4>\n","protected":false},"featured_media":1443,"comment_status":"open","ping_status":"closed","template":"","meta":{"inline_featured_image":false,"_joinchat":[]},"product_brand":[],"product_cat":[83],"product_tag":[],"class_list":{"0":"post-1442","1":"product","2":"type-product","3":"status-publish","4":"has-post-thumbnail","6":"product_cat-diseno-online","7":"text-center loop-item","9":"first","10":"instock","11":"virtual","12":"sold-individually","13":"purchasable","14":"product-type-simple"},"yoast_head":"<!-- This site is optimized with the Yoast SEO plugin v27.4 - https:\/\/yoast.com\/product\/yoast-seo-wordpress\/ -->\n<title>Dise\u00f1o de Menu Restaurante - P\u00e1ginas Web, WordPress, Tienda online, SEO, Alojamiento Web, Dominios, Correos<\/title>\n<meta name=\"robots\" content=\"index, follow, max-snippet:-1, max-image-preview:large, max-video-preview:-1\" \/>\n<link rel=\"canonical\" href=\"https:\/\/cvsmotion.com\/digital\/diseno-de-menu-restaurante\/?preview_id=1442&preview_nonce=85d3c3d365&_thumbnail_id=1443&preview=true\" \/>\n<meta property=\"og:locale\" content=\"en_US\" \/>\n<meta property=\"og:type\" content=\"article\" \/>\n<meta property=\"og:title\" content=\"Dise\u00f1o de Menu Restaurante - P\u00e1ginas Web, WordPress, Tienda online, SEO, Alojamiento Web, Dominios, Correos\" \/>\n<meta property=\"og:description\" content=\"Descripci\u00f3n del servicio:   Archivo digital dise\u00f1ado en ambos lados  Obtendr\u00e1 archivos listos para imprimir  Archivos vector ai, eps, svg  Archivos de alta resoluci\u00f3n png, jpg, psd  Ajustes \/ 5 revisiones por: 2 d\u00edas  Servicios Extras:\" \/>\n<meta property=\"og:url\" content=\"https:\/\/cvsmotion.com\/digital\/diseno-de-menu-restaurante\/?preview_id=1442&amp;preview_nonce=85d3c3d365&amp;_thumbnail_id=1443&amp;preview=true\" \/>\n<meta property=\"og:site_name\" content=\"P\u00e1ginas Web, WordPress, Tienda online, SEO, Alojamiento Web, Dominios, Correos\" \/>\n<meta property=\"article:publisher\" content=\"https:\/\/www.facebook.com\/Cvsdigitaldesign\/\" \/>\n<meta property=\"article:modified_time\" content=\"2025-02-15T15:21:30+00:00\" \/>\n<meta property=\"og:image\" content=\"https:\/\/cvsmotion.com\/digital\/wp-content\/uploads\/2019\/11\/menus-para-restaurantes-impresion-online-nj-us.jpg\" \/>\n\t<meta property=\"og:image:width\" content=\"850\" \/>\n\t<meta property=\"og:image:height\" content=\"850\" \/>\n\t<meta property=\"og:image:type\" content=\"image\/jpeg\" \/>\n<meta name=\"twitter:card\" content=\"summary_large_image\" \/>\n<meta name=\"twitter:site\" content=\"@CvsMotion\" \/>\n<meta name=\"twitter:label1\" content=\"Est. reading time\" \/>\n\t<meta name=\"twitter:data1\" content=\"1 minute\" \/>\n<script type=\"application\/ld+json\" class=\"yoast-schema-graph\">{\"@context\":\"https:\\\/\\\/schema.org\",\"@graph\":[{\"@type\":\"WebPage\",\"@id\":\"https:\\\/\\\/cvsmotion.com\\\/digital\\\/diseno-de-menu-restaurante\\\/\",\"url\":\"https:\\\/\\\/cvsmotion.com\\\/digital\\\/diseno-de-menu-restaurante\\\/?preview_id=1442&preview_nonce=85d3c3d365&_thumbnail_id=1443&preview=true\",\"name\":\"Dise\u00f1o de Menu Restaurante - P\u00e1ginas Web, WordPress, Tienda online, SEO, Alojamiento Web, Dominios, Correos\",\"isPartOf\":{\"@id\":\"https:\\\/\\\/cvsmotion.com\\\/digital\\\/#website\"},\"primaryImageOfPage\":{\"@id\":\"https:\\\/\\\/cvsmotion.com\\\/digital\\\/diseno-de-menu-restaurante\\\/?preview_id=1442&preview_nonce=85d3c3d365&_thumbnail_id=1443&preview=true#primaryimage\"},\"image\":{\"@id\":\"https:\\\/\\\/cvsmotion.com\\\/digital\\\/diseno-de-menu-restaurante\\\/?preview_id=1442&preview_nonce=85d3c3d365&_thumbnail_id=1443&preview=true#primaryimage\"},\"thumbnailUrl\":\"https:\\\/\\\/cvsmotion.com\\\/digital\\\/wp-content\\\/uploads\\\/2019\\\/11\\\/menus-para-restaurantes-impresion-online-nj-us.jpg\",\"datePublished\":\"2019-11-25T04:44:56+00:00\",\"dateModified\":\"2025-02-15T15:21:30+00:00\",\"breadcrumb\":{\"@id\":\"https:\\\/\\\/cvsmotion.com\\\/digital\\\/diseno-de-menu-restaurante\\\/?preview_id=1442&preview_nonce=85d3c3d365&_thumbnail_id=1443&preview=true#breadcrumb\"},\"inLanguage\":\"en-US\",\"potentialAction\":[{\"@type\":\"ReadAction\",\"target\":[\"https:\\\/\\\/cvsmotion.com\\\/digital\\\/diseno-de-menu-restaurante\\\/?preview_id=1442&preview_nonce=85d3c3d365&_thumbnail_id=1443&preview=true\"]}]},{\"@type\":\"ImageObject\",\"inLanguage\":\"en-US\",\"@id\":\"https:\\\/\\\/cvsmotion.com\\\/digital\\\/diseno-de-menu-restaurante\\\/?preview_id=1442&preview_nonce=85d3c3d365&_thumbnail_id=1443&preview=true#primaryimage\",\"url\":\"https:\\\/\\\/cvsmotion.com\\\/digital\\\/wp-content\\\/uploads\\\/2019\\\/11\\\/menus-para-restaurantes-impresion-online-nj-us.jpg\",\"contentUrl\":\"https:\\\/\\\/cvsmotion.com\\\/digital\\\/wp-content\\\/uploads\\\/2019\\\/11\\\/menus-para-restaurantes-impresion-online-nj-us.jpg\",\"width\":850,\"height\":850,\"caption\":\"men\u00fas para restaurantes impresi\u00f3n online\"},{\"@type\":\"BreadcrumbList\",\"@id\":\"https:\\\/\\\/cvsmotion.com\\\/digital\\\/diseno-de-menu-restaurante\\\/?preview_id=1442&preview_nonce=85d3c3d365&_thumbnail_id=1443&preview=true#breadcrumb\",\"itemListElement\":[{\"@type\":\"ListItem\",\"position\":1,\"name\":\"Home\",\"item\":\"https:\\\/\\\/cvsmotion.com\\\/digital\\\/\"},{\"@type\":\"ListItem\",\"position\":2,\"name\":\"Marketing Productos y Servicios para Negocios\",\"item\":\"https:\\\/\\\/cvsmotion.com\\\/digital\\\/shop\\\/\"},{\"@type\":\"ListItem\",\"position\":3,\"name\":\"Dise\u00f1o de Menu Restaurante\"}]},{\"@type\":\"WebSite\",\"@id\":\"https:\\\/\\\/cvsmotion.com\\\/digital\\\/#website\",\"url\":\"https:\\\/\\\/cvsmotion.com\\\/digital\\\/\",\"name\":\"Agencia de Marketing Digital en los Estados Unidos | CVS Motion Digital\",\"description\":\"CVS MOTION\",\"publisher\":{\"@id\":\"https:\\\/\\\/cvsmotion.com\\\/digital\\\/#organization\"},\"alternateName\":\"CVS Motion Soluciones digitales para el \u00e9xito de su empresa en Internet. P\u00e1ginas Web, WordPress, Tienda online, SEO, Alojamiento Web, Dominios, Correos\",\"potentialAction\":[{\"@type\":\"SearchAction\",\"target\":{\"@type\":\"EntryPoint\",\"urlTemplate\":\"https:\\\/\\\/cvsmotion.com\\\/digital\\\/?s={search_term_string}\"},\"query-input\":{\"@type\":\"PropertyValueSpecification\",\"valueRequired\":true,\"valueName\":\"search_term_string\"}}],\"inLanguage\":\"en-US\"},{\"@type\":\"Organization\",\"@id\":\"https:\\\/\\\/cvsmotion.com\\\/digital\\\/#organization\",\"name\":\"CVS Motion Digital\",\"alternateName\":\"Motion Digital Agencia marketing digital online en los Estados Unidos\",\"url\":\"https:\\\/\\\/cvsmotion.com\\\/digital\\\/\",\"logo\":{\"@type\":\"ImageObject\",\"inLanguage\":\"en-US\",\"@id\":\"https:\\\/\\\/cvsmotion.com\\\/digital\\\/#\\\/schema\\\/logo\\\/image\\\/\",\"url\":\"https:\\\/\\\/cvsmotion.com\\\/digital\\\/wp-content\\\/uploads\\\/2022\\\/01\\\/motion-marketing-online-usa.png\",\"contentUrl\":\"https:\\\/\\\/cvsmotion.com\\\/digital\\\/wp-content\\\/uploads\\\/2022\\\/01\\\/motion-marketing-online-usa.png\",\"width\":173,\"height\":120,\"caption\":\"CVS Motion Digital\"},\"image\":{\"@id\":\"https:\\\/\\\/cvsmotion.com\\\/digital\\\/#\\\/schema\\\/logo\\\/image\\\/\"},\"sameAs\":[\"https:\\\/\\\/www.facebook.com\\\/Cvsdigitaldesign\\\/\",\"https:\\\/\\\/x.com\\\/CvsMotion\",\"https:\\\/\\\/www.instagram.com\\\/cvsmotion\\\/\",\"https:\\\/\\\/www.youtube.com\\\/@cvsmotiondigital\",\"https:\\\/\\\/www.pinterest.com\\\/CVSMotion\\\/\",\"https:\\\/\\\/www.yelp.com\\\/biz\\\/cvs-motion-digital-design-newark\"]}]}<\/script>\n<!-- \/ Yoast SEO plugin. -->","yoast_head_json":{"title":"Dise\u00f1o de Menu Restaurante - P\u00e1ginas Web, WordPress, Tienda online, SEO, Alojamiento Web, Dominios, Correos","robots":{"index":"index","follow":"follow","max-snippet":"max-snippet:-1","max-image-preview":"max-image-preview:large","max-video-preview":"max-video-preview:-1"},"canonical":"https:\/\/cvsmotion.com\/digital\/diseno-de-menu-restaurante\/?preview_id=1442&preview_nonce=85d3c3d365&_thumbnail_id=1443&preview=true","og_locale":"en_US","og_type":"article","og_title":"Dise\u00f1o de Menu Restaurante - P\u00e1ginas Web, WordPress, Tienda online, SEO, Alojamiento Web, Dominios, Correos","og_description":"Descripci\u00f3n del servicio:   Archivo digital dise\u00f1ado en ambos lados  Obtendr\u00e1 archivos listos para imprimir  Archivos vector ai, eps, svg  Archivos de alta resoluci\u00f3n png, jpg, psd  Ajustes \/ 5 revisiones por: 2 d\u00edas  Servicios Extras:","og_url":"https:\/\/cvsmotion.com\/digital\/diseno-de-menu-restaurante\/?preview_id=1442&preview_nonce=85d3c3d365&_thumbnail_id=1443&preview=true","og_site_name":"P\u00e1ginas Web, WordPress, Tienda online, SEO, Alojamiento Web, Dominios, Correos","article_publisher":"https:\/\/www.facebook.com\/Cvsdigitaldesign\/","article_modified_time":"2025-02-15T15:21:30+00:00","og_image":[{"width":850,"height":850,"url":"https:\/\/cvsmotion.com\/digital\/wp-content\/uploads\/2019\/11\/menus-para-restaurantes-impresion-online-nj-us.jpg","type":"image\/jpeg"}],"twitter_card":"summary_large_image","twitter_site":"@CvsMotion","twitter_misc":{"Est. reading time":"1 minute"},"schema":{"@context":"https:\/\/schema.org","@graph":[{"@type":"WebPage","@id":"https:\/\/cvsmotion.com\/digital\/diseno-de-menu-restaurante\/","url":"https:\/\/cvsmotion.com\/digital\/diseno-de-menu-restaurante\/?preview_id=1442&preview_nonce=85d3c3d365&_thumbnail_id=1443&preview=true","name":"Dise\u00f1o de Menu Restaurante - P\u00e1ginas Web, WordPress, Tienda online, SEO, Alojamiento Web, Dominios, Correos","isPartOf":{"@id":"https:\/\/cvsmotion.com\/digital\/#website"},"primaryImageOfPage":{"@id":"https:\/\/cvsmotion.com\/digital\/diseno-de-menu-restaurante\/?preview_id=1442&preview_nonce=85d3c3d365&_thumbnail_id=1443&preview=true#primaryimage"},"image":{"@id":"https:\/\/cvsmotion.com\/digital\/diseno-de-menu-restaurante\/?preview_id=1442&preview_nonce=85d3c3d365&_thumbnail_id=1443&preview=true#primaryimage"},"thumbnailUrl":"https:\/\/cvsmotion.com\/digital\/wp-content\/uploads\/2019\/11\/menus-para-restaurantes-impresion-online-nj-us.jpg","datePublished":"2019-11-25T04:44:56+00:00","dateModified":"2025-02-15T15:21:30+00:00","breadcrumb":{"@id":"https:\/\/cvsmotion.com\/digital\/diseno-de-menu-restaurante\/?preview_id=1442&preview_nonce=85d3c3d365&_thumbnail_id=1443&preview=true#breadcrumb"},"inLanguage":"en-US","potentialAction":[{"@type":"ReadAction","target":["https:\/\/cvsmotion.com\/digital\/diseno-de-menu-restaurante\/?preview_id=1442&preview_nonce=85d3c3d365&_thumbnail_id=1443&preview=true"]}]},{"@type":"ImageObject","inLanguage":"en-US","@id":"https:\/\/cvsmotion.com\/digital\/diseno-de-menu-restaurante\/?preview_id=1442&preview_nonce=85d3c3d365&_thumbnail_id=1443&preview=true#primaryimage","url":"https:\/\/cvsmotion.com\/digital\/wp-content\/uploads\/2019\/11\/menus-para-restaurantes-impresion-online-nj-us.jpg","contentUrl":"https:\/\/cvsmotion.com\/digital\/wp-content\/uploads\/2019\/11\/menus-para-restaurantes-impresion-online-nj-us.jpg","width":850,"height":850,"caption":"men\u00fas para restaurantes impresi\u00f3n online"},{"@type":"BreadcrumbList","@id":"https:\/\/cvsmotion.com\/digital\/diseno-de-menu-restaurante\/?preview_id=1442&preview_nonce=85d3c3d365&_thumbnail_id=1443&preview=true#breadcrumb","itemListElement":[{"@type":"ListItem","position":1,"name":"Home","item":"https:\/\/cvsmotion.com\/digital\/"},{"@type":"ListItem","position":2,"name":"Marketing Productos y Servicios para Negocios","item":"https:\/\/cvsmotion.com\/digital\/shop\/"},{"@type":"ListItem","position":3,"name":"Dise\u00f1o de Menu Restaurante"}]},{"@type":"WebSite","@id":"https:\/\/cvsmotion.com\/digital\/#website","url":"https:\/\/cvsmotion.com\/digital\/","name":"Agencia de Marketing Digital en los Estados Unidos | CVS Motion Digital","description":"CVS MOTION","publisher":{"@id":"https:\/\/cvsmotion.com\/digital\/#organization"},"alternateName":"CVS Motion Soluciones digitales para el \u00e9xito de su empresa en Internet. P\u00e1ginas Web, WordPress, Tienda online, SEO, Alojamiento Web, Dominios, Correos","potentialAction":[{"@type":"SearchAction","target":{"@type":"EntryPoint","urlTemplate":"https:\/\/cvsmotion.com\/digital\/?s={search_term_string}"},"query-input":{"@type":"PropertyValueSpecification","valueRequired":true,"valueName":"search_term_string"}}],"inLanguage":"en-US"},{"@type":"Organization","@id":"https:\/\/cvsmotion.com\/digital\/#organization","name":"CVS Motion Digital","alternateName":"Motion Digital Agencia marketing digital online en los Estados Unidos","url":"https:\/\/cvsmotion.com\/digital\/","logo":{"@type":"ImageObject","inLanguage":"en-US","@id":"https:\/\/cvsmotion.com\/digital\/#\/schema\/logo\/image\/","url":"https:\/\/cvsmotion.com\/digital\/wp-content\/uploads\/2022\/01\/motion-marketing-online-usa.png","contentUrl":"https:\/\/cvsmotion.com\/digital\/wp-content\/uploads\/2022\/01\/motion-marketing-online-usa.png","width":173,"height":120,"caption":"CVS Motion Digital"},"image":{"@id":"https:\/\/cvsmotion.com\/digital\/#\/schema\/logo\/image\/"},"sameAs":["https:\/\/www.facebook.com\/Cvsdigitaldesign\/","https:\/\/x.com\/CvsMotion","https:\/\/www.instagram.com\/cvsmotion\/","https:\/\/www.youtube.com\/@cvsmotiondigital","https:\/\/www.pinterest.com\/CVSMotion\/","https:\/\/www.yelp.com\/biz\/cvs-motion-digital-design-newark"]}]}},"_links":{"self":[{"href":"https:\/\/cvsmotion.com\/digital\/wp-json\/wp\/v2\/product\/1442","targetHints":{"allow":["GET"]}}],"collection":[{"href":"https:\/\/cvsmotion.com\/digital\/wp-json\/wp\/v2\/product"}],"about":[{"href":"https:\/\/cvsmotion.com\/digital\/wp-json\/wp\/v2\/types\/product"}],"replies":[{"embeddable":true,"href":"https:\/\/cvsmotion.com\/digital\/wp-json\/wp\/v2\/comments?post=1442"}],"wp:featuredmedia":[{"embeddable":true,"href":"https:\/\/cvsmotion.com\/digital\/wp-json\/wp\/v2\/media\/1443"}],"wp:attachment":[{"href":"https:\/\/cvsmotion.com\/digital\/wp-json\/wp\/v2\/media?parent=1442"}],"wp:term":[{"taxonomy":"product_brand","embeddable":true,"href":"https:\/\/cvsmotion.com\/digital\/wp-json\/wp\/v2\/product_brand?post=1442"},{"taxonomy":"product_cat","embeddable":true,"href":"https:\/\/cvsmotion.com\/digital\/wp-json\/wp\/v2\/product_cat?post=1442"},{"taxonomy":"product_tag","embeddable":true,"href":"https:\/\/cvsmotion.com\/digital\/wp-json\/wp\/v2\/product_tag?post=1442"}],"curies":[{"name":"wp","href":"https:\/\/api.w.org\/{rel}","templated":true}]}}