{"id":1436,"date":"2019-11-24T22:58:17","date_gmt":"2019-11-25T03:58:17","guid":{"rendered":"https:\/\/cvsmotion.com\/digital\/?post_type=product&#038;p=1436"},"modified":"2025-02-14T14:32:34","modified_gmt":"2025-02-14T19:32:34","slug":"diseno-tarjetas-de-visita-para-negocio","status":"publish","type":"product","link":"https:\/\/cvsmotion.com\/digital\/diseno-tarjetas-de-visita-para-negocio\/","title":{"rendered":"Dise\u00f1o de Tarjetas"},"content":{"rendered":"<p>Dise\u00f1o de tarjetas de presentaci\u00f3n, un dise\u00f1o realmente profesional y creativo para su negocio.<\/p>\n<ul>\n<li>Archivo digital dise\u00f1ado en ambos lados<\/li>\n<li>Obtendr\u00e1 archivos listos para imprimir<\/li>\n<li>Archivos en (pdf) o (psd)<\/li>\n<li>Archivos de alta resoluci\u00f3n (jpg)<\/li>\n<li>Ajustes\/revisiones: 3 revisiones por: 2 d\u00edas<\/li>\n<\/ul>\n<p>Ser\u00e1 completamente PERSONALIZADO para usted seg\u00fan sus requisitos. <strong>100% de Satisfacci\u00f3n<\/strong><\/p>\n<p>&nbsp;<\/p>\n<p>&nbsp;<\/p>\n","protected":false},"excerpt":{"rendered":"<ul>\n<li>Archivo digital dise\u00f1ado en ambos lados<\/li>\n<li>Obtendr\u00e1 archivos listos para imprimir<\/li>\n<li>Archivos en (pdf) o (psd)<\/li>\n<li>Archivos de alta resoluci\u00f3n (jpg)<\/li>\n<li>Ajustes\/revisiones: 3 revisiones por: 2 d\u00edas<\/li>\n<\/ul>\n","protected":false},"featured_media":4020,"comment_status":"open","ping_status":"closed","template":"","meta":{"inline_featured_image":false,"_joinchat":[]},"product_brand":[],"product_cat":[83],"product_tag":[],"class_list":{"0":"post-1436","1":"product","2":"type-product","3":"status-publish","4":"has-post-thumbnail","6":"product_cat-diseno-online","7":"genemy-has-gallery","8":"text-center loop-item","10":"first","11":"instock","12":"virtual","13":"sold-individually","14":"purchasable","15":"product-type-simple"},"yoast_head":"<!-- This site is optimized with the Yoast SEO plugin v27.4 - https:\/\/yoast.com\/product\/yoast-seo-wordpress\/ -->\n<title>Dise\u00f1o tarjetas de presentaci\u00f3n impactante y profesional<\/title>\n<meta name=\"description\" content=\"\u00a1El dise\u00f1o de tarjetas de presentaci\u00f3n es crucial para causar una excelente primera impresi\u00f3n! Debe ser impactante, profesional y representar tu marca.\" \/>\n<meta name=\"robots\" content=\"index, follow, max-snippet:-1, max-image-preview:large, max-video-preview:-1\" \/>\n<link rel=\"canonical\" href=\"https:\/\/cvsmotion.com\/digital\/diseno-tarjetas-de-visita-para-negocio\/\" \/>\n<meta property=\"og:locale\" content=\"en_US\" \/>\n<meta property=\"og:type\" content=\"article\" \/>\n<meta property=\"og:title\" content=\"Dise\u00f1o tarjetas de presentaci\u00f3n impactante y profesional\" \/>\n<meta property=\"og:description\" content=\"\u00a1El dise\u00f1o de tarjetas de presentaci\u00f3n es crucial para causar una excelente primera impresi\u00f3n! Debe ser impactante, profesional y representar tu marca.\" \/>\n<meta property=\"og:url\" content=\"https:\/\/cvsmotion.com\/digital\/diseno-tarjetas-de-visita-para-negocio\/\" \/>\n<meta property=\"og:site_name\" content=\"P\u00e1ginas Web, WordPress, Tienda online, SEO, Alojamiento Web, Dominios, Correos\" \/>\n<meta property=\"article:publisher\" content=\"https:\/\/www.facebook.com\/Cvsdigitaldesign\/\" \/>\n<meta property=\"article:modified_time\" content=\"2025-02-14T19:32:34+00:00\" \/>\n<meta property=\"og:image\" content=\"https:\/\/cvsmotion.com\/digital\/wp-content\/uploads\/2019\/11\/Diseno-tarjetas-de-presentacion.webp\" \/>\n\t<meta property=\"og:image:width\" content=\"600\" \/>\n\t<meta property=\"og:image:height\" content=\"600\" \/>\n\t<meta property=\"og:image:type\" content=\"image\/webp\" \/>\n<meta name=\"twitter:card\" content=\"summary_large_image\" \/>\n<meta name=\"twitter:site\" content=\"@CvsMotion\" \/>\n<meta name=\"twitter:label1\" content=\"Est. reading time\" \/>\n\t<meta name=\"twitter:data1\" content=\"1 minute\" \/>\n<script type=\"application\/ld+json\" class=\"yoast-schema-graph\">{\"@context\":\"https:\\\/\\\/schema.org\",\"@graph\":[{\"@type\":\"WebPage\",\"@id\":\"https:\\\/\\\/cvsmotion.com\\\/digital\\\/diseno-tarjetas-de-visita-para-negocio\\\/\",\"url\":\"https:\\\/\\\/cvsmotion.com\\\/digital\\\/diseno-tarjetas-de-visita-para-negocio\\\/\",\"name\":\"Dise\u00f1o tarjetas de presentaci\u00f3n impactante y profesional\",\"isPartOf\":{\"@id\":\"https:\\\/\\\/cvsmotion.com\\\/digital\\\/#website\"},\"primaryImageOfPage\":{\"@id\":\"https:\\\/\\\/cvsmotion.com\\\/digital\\\/diseno-tarjetas-de-visita-para-negocio\\\/#primaryimage\"},\"image\":{\"@id\":\"https:\\\/\\\/cvsmotion.com\\\/digital\\\/diseno-tarjetas-de-visita-para-negocio\\\/#primaryimage\"},\"thumbnailUrl\":\"https:\\\/\\\/cvsmotion.com\\\/digital\\\/wp-content\\\/uploads\\\/2019\\\/11\\\/Diseno-tarjetas-de-presentacion.webp\",\"datePublished\":\"2019-11-25T03:58:17+00:00\",\"dateModified\":\"2025-02-14T19:32:34+00:00\",\"description\":\"\u00a1El dise\u00f1o de tarjetas de presentaci\u00f3n es crucial para causar una excelente primera impresi\u00f3n! Debe ser impactante, profesional y representar tu marca.\",\"breadcrumb\":{\"@id\":\"https:\\\/\\\/cvsmotion.com\\\/digital\\\/diseno-tarjetas-de-visita-para-negocio\\\/#breadcrumb\"},\"inLanguage\":\"en-US\",\"potentialAction\":[{\"@type\":\"ReadAction\",\"target\":[\"https:\\\/\\\/cvsmotion.com\\\/digital\\\/diseno-tarjetas-de-visita-para-negocio\\\/\"]}]},{\"@type\":\"ImageObject\",\"inLanguage\":\"en-US\",\"@id\":\"https:\\\/\\\/cvsmotion.com\\\/digital\\\/diseno-tarjetas-de-visita-para-negocio\\\/#primaryimage\",\"url\":\"https:\\\/\\\/cvsmotion.com\\\/digital\\\/wp-content\\\/uploads\\\/2019\\\/11\\\/Diseno-tarjetas-de-presentacion.webp\",\"contentUrl\":\"https:\\\/\\\/cvsmotion.com\\\/digital\\\/wp-content\\\/uploads\\\/2019\\\/11\\\/Diseno-tarjetas-de-presentacion.webp\",\"width\":600,\"height\":600,\"caption\":\"Dise\u00f1o de tarjetas de presentaci\u00f3n\"},{\"@type\":\"BreadcrumbList\",\"@id\":\"https:\\\/\\\/cvsmotion.com\\\/digital\\\/diseno-tarjetas-de-visita-para-negocio\\\/#breadcrumb\",\"itemListElement\":[{\"@type\":\"ListItem\",\"position\":1,\"name\":\"Home\",\"item\":\"https:\\\/\\\/cvsmotion.com\\\/digital\\\/\"},{\"@type\":\"ListItem\",\"position\":2,\"name\":\"Marketing Productos y Servicios para Negocios\",\"item\":\"https:\\\/\\\/cvsmotion.com\\\/digital\\\/shop\\\/\"},{\"@type\":\"ListItem\",\"position\":3,\"name\":\"Dise\u00f1o de Tarjetas\"}]},{\"@type\":\"WebSite\",\"@id\":\"https:\\\/\\\/cvsmotion.com\\\/digital\\\/#website\",\"url\":\"https:\\\/\\\/cvsmotion.com\\\/digital\\\/\",\"name\":\"Agencia de Marketing Digital en los Estados Unidos | CVS Motion Digital\",\"description\":\"CVS MOTION\",\"publisher\":{\"@id\":\"https:\\\/\\\/cvsmotion.com\\\/digital\\\/#organization\"},\"alternateName\":\"CVS Motion Soluciones digitales para el \u00e9xito de su empresa en Internet. P\u00e1ginas Web, WordPress, Tienda online, SEO, Alojamiento Web, Dominios, Correos\",\"potentialAction\":[{\"@type\":\"SearchAction\",\"target\":{\"@type\":\"EntryPoint\",\"urlTemplate\":\"https:\\\/\\\/cvsmotion.com\\\/digital\\\/?s={search_term_string}\"},\"query-input\":{\"@type\":\"PropertyValueSpecification\",\"valueRequired\":true,\"valueName\":\"search_term_string\"}}],\"inLanguage\":\"en-US\"},{\"@type\":\"Organization\",\"@id\":\"https:\\\/\\\/cvsmotion.com\\\/digital\\\/#organization\",\"name\":\"CVS Motion Digital\",\"alternateName\":\"Motion Digital Agencia marketing digital online en los Estados Unidos\",\"url\":\"https:\\\/\\\/cvsmotion.com\\\/digital\\\/\",\"logo\":{\"@type\":\"ImageObject\",\"inLanguage\":\"en-US\",\"@id\":\"https:\\\/\\\/cvsmotion.com\\\/digital\\\/#\\\/schema\\\/logo\\\/image\\\/\",\"url\":\"https:\\\/\\\/cvsmotion.com\\\/digital\\\/wp-content\\\/uploads\\\/2022\\\/01\\\/motion-marketing-online-usa.png\",\"contentUrl\":\"https:\\\/\\\/cvsmotion.com\\\/digital\\\/wp-content\\\/uploads\\\/2022\\\/01\\\/motion-marketing-online-usa.png\",\"width\":173,\"height\":120,\"caption\":\"CVS Motion Digital\"},\"image\":{\"@id\":\"https:\\\/\\\/cvsmotion.com\\\/digital\\\/#\\\/schema\\\/logo\\\/image\\\/\"},\"sameAs\":[\"https:\\\/\\\/www.facebook.com\\\/Cvsdigitaldesign\\\/\",\"https:\\\/\\\/x.com\\\/CvsMotion\",\"https:\\\/\\\/www.instagram.com\\\/cvsmotion\\\/\",\"https:\\\/\\\/www.youtube.com\\\/@cvsmotiondigital\",\"https:\\\/\\\/www.pinterest.com\\\/CVSMotion\\\/\",\"https:\\\/\\\/www.yelp.com\\\/biz\\\/cvs-motion-digital-design-newark\"]}]}<\/script>\n<!-- \/ Yoast SEO plugin. -->","yoast_head_json":{"title":"Dise\u00f1o tarjetas de presentaci\u00f3n impactante y profesional","description":"\u00a1El dise\u00f1o de tarjetas de presentaci\u00f3n es crucial para causar una excelente primera impresi\u00f3n! Debe ser impactante, profesional y representar tu marca.","robots":{"index":"index","follow":"follow","max-snippet":"max-snippet:-1","max-image-preview":"max-image-preview:large","max-video-preview":"max-video-preview:-1"},"canonical":"https:\/\/cvsmotion.com\/digital\/diseno-tarjetas-de-visita-para-negocio\/","og_locale":"en_US","og_type":"article","og_title":"Dise\u00f1o tarjetas de presentaci\u00f3n impactante y profesional","og_description":"\u00a1El dise\u00f1o de tarjetas de presentaci\u00f3n es crucial para causar una excelente primera impresi\u00f3n! Debe ser impactante, profesional y representar tu marca.","og_url":"https:\/\/cvsmotion.com\/digital\/diseno-tarjetas-de-visita-para-negocio\/","og_site_name":"P\u00e1ginas Web, WordPress, Tienda online, SEO, Alojamiento Web, Dominios, Correos","article_publisher":"https:\/\/www.facebook.com\/Cvsdigitaldesign\/","article_modified_time":"2025-02-14T19:32:34+00:00","og_image":[{"width":600,"height":600,"url":"https:\/\/cvsmotion.com\/digital\/wp-content\/uploads\/2019\/11\/Diseno-tarjetas-de-presentacion.webp","type":"image\/webp"}],"twitter_card":"summary_large_image","twitter_site":"@CvsMotion","twitter_misc":{"Est. reading time":"1 minute"},"schema":{"@context":"https:\/\/schema.org","@graph":[{"@type":"WebPage","@id":"https:\/\/cvsmotion.com\/digital\/diseno-tarjetas-de-visita-para-negocio\/","url":"https:\/\/cvsmotion.com\/digital\/diseno-tarjetas-de-visita-para-negocio\/","name":"Dise\u00f1o tarjetas de presentaci\u00f3n impactante y profesional","isPartOf":{"@id":"https:\/\/cvsmotion.com\/digital\/#website"},"primaryImageOfPage":{"@id":"https:\/\/cvsmotion.com\/digital\/diseno-tarjetas-de-visita-para-negocio\/#primaryimage"},"image":{"@id":"https:\/\/cvsmotion.com\/digital\/diseno-tarjetas-de-visita-para-negocio\/#primaryimage"},"thumbnailUrl":"https:\/\/cvsmotion.com\/digital\/wp-content\/uploads\/2019\/11\/Diseno-tarjetas-de-presentacion.webp","datePublished":"2019-11-25T03:58:17+00:00","dateModified":"2025-02-14T19:32:34+00:00","description":"\u00a1El dise\u00f1o de tarjetas de presentaci\u00f3n es crucial para causar una excelente primera impresi\u00f3n! Debe ser impactante, profesional y representar tu marca.","breadcrumb":{"@id":"https:\/\/cvsmotion.com\/digital\/diseno-tarjetas-de-visita-para-negocio\/#breadcrumb"},"inLanguage":"en-US","potentialAction":[{"@type":"ReadAction","target":["https:\/\/cvsmotion.com\/digital\/diseno-tarjetas-de-visita-para-negocio\/"]}]},{"@type":"ImageObject","inLanguage":"en-US","@id":"https:\/\/cvsmotion.com\/digital\/diseno-tarjetas-de-visita-para-negocio\/#primaryimage","url":"https:\/\/cvsmotion.com\/digital\/wp-content\/uploads\/2019\/11\/Diseno-tarjetas-de-presentacion.webp","contentUrl":"https:\/\/cvsmotion.com\/digital\/wp-content\/uploads\/2019\/11\/Diseno-tarjetas-de-presentacion.webp","width":600,"height":600,"caption":"Dise\u00f1o de tarjetas de presentaci\u00f3n"},{"@type":"BreadcrumbList","@id":"https:\/\/cvsmotion.com\/digital\/diseno-tarjetas-de-visita-para-negocio\/#breadcrumb","itemListElement":[{"@type":"ListItem","position":1,"name":"Home","item":"https:\/\/cvsmotion.com\/digital\/"},{"@type":"ListItem","position":2,"name":"Marketing Productos y Servicios para Negocios","item":"https:\/\/cvsmotion.com\/digital\/shop\/"},{"@type":"ListItem","position":3,"name":"Dise\u00f1o de Tarjetas"}]},{"@type":"WebSite","@id":"https:\/\/cvsmotion.com\/digital\/#website","url":"https:\/\/cvsmotion.com\/digital\/","name":"Agencia de Marketing Digital en los Estados Unidos | CVS Motion Digital","description":"CVS MOTION","publisher":{"@id":"https:\/\/cvsmotion.com\/digital\/#organization"},"alternateName":"CVS Motion Soluciones digitales para el \u00e9xito de su empresa en Internet. P\u00e1ginas Web, WordPress, Tienda online, SEO, Alojamiento Web, Dominios, Correos","potentialAction":[{"@type":"SearchAction","target":{"@type":"EntryPoint","urlTemplate":"https:\/\/cvsmotion.com\/digital\/?s={search_term_string}"},"query-input":{"@type":"PropertyValueSpecification","valueRequired":true,"valueName":"search_term_string"}}],"inLanguage":"en-US"},{"@type":"Organization","@id":"https:\/\/cvsmotion.com\/digital\/#organization","name":"CVS Motion Digital","alternateName":"Motion Digital Agencia marketing digital online en los Estados Unidos","url":"https:\/\/cvsmotion.com\/digital\/","logo":{"@type":"ImageObject","inLanguage":"en-US","@id":"https:\/\/cvsmotion.com\/digital\/#\/schema\/logo\/image\/","url":"https:\/\/cvsmotion.com\/digital\/wp-content\/uploads\/2022\/01\/motion-marketing-online-usa.png","contentUrl":"https:\/\/cvsmotion.com\/digital\/wp-content\/uploads\/2022\/01\/motion-marketing-online-usa.png","width":173,"height":120,"caption":"CVS Motion Digital"},"image":{"@id":"https:\/\/cvsmotion.com\/digital\/#\/schema\/logo\/image\/"},"sameAs":["https:\/\/www.facebook.com\/Cvsdigitaldesign\/","https:\/\/x.com\/CvsMotion","https:\/\/www.instagram.com\/cvsmotion\/","https:\/\/www.youtube.com\/@cvsmotiondigital","https:\/\/www.pinterest.com\/CVSMotion\/","https:\/\/www.yelp.com\/biz\/cvs-motion-digital-design-newark"]}]}},"_links":{"self":[{"href":"https:\/\/cvsmotion.com\/digital\/wp-json\/wp\/v2\/product\/1436","targetHints":{"allow":["GET"]}}],"collection":[{"href":"https:\/\/cvsmotion.com\/digital\/wp-json\/wp\/v2\/product"}],"about":[{"href":"https:\/\/cvsmotion.com\/digital\/wp-json\/wp\/v2\/types\/product"}],"replies":[{"embeddable":true,"href":"https:\/\/cvsmotion.com\/digital\/wp-json\/wp\/v2\/comments?post=1436"}],"wp:featuredmedia":[{"embeddable":true,"href":"https:\/\/cvsmotion.com\/digital\/wp-json\/wp\/v2\/media\/4020"}],"wp:attachment":[{"href":"https:\/\/cvsmotion.com\/digital\/wp-json\/wp\/v2\/media?parent=1436"}],"wp:term":[{"taxonomy":"product_brand","embeddable":true,"href":"https:\/\/cvsmotion.com\/digital\/wp-json\/wp\/v2\/product_brand?post=1436"},{"taxonomy":"product_cat","embeddable":true,"href":"https:\/\/cvsmotion.com\/digital\/wp-json\/wp\/v2\/product_cat?post=1436"},{"taxonomy":"product_tag","embeddable":true,"href":"https:\/\/cvsmotion.com\/digital\/wp-json\/wp\/v2\/product_tag?post=1436"}],"curies":[{"name":"wp","href":"https:\/\/api.w.org\/{rel}","templated":true}]}}